{"id":1379,"date":"2021-06-16T11:49:58","date_gmt":"2021-06-16T17:49:58","guid":{"rendered":"https:\/\/anchorofhopewi.org\/?page_id=1379"},"modified":"2025-10-16T09:20:20","modified_gmt":"2025-10-16T15:20:20","slug":"sti-std-testing-and-treatment","status":"publish","type":"page","link":"https:\/\/anchorofhopewi.org\/es\/sti-std-testing-and-treatment\/","title":{"rendered":"Pruebas de ETS"},"content":{"rendered":"<div data-elementor-type=\"wp-page\" data-elementor-id=\"1379\" class=\"elementor elementor-1379\" data-elementor-post-type=\"page\">\n\t\t\t\t\t\t<section class=\"elementor-section elementor-top-section elementor-element elementor-element-bd92c7a elementor-section-full_width elementor-section-height-min-height elementor-section-height-default elementor-section-items-middle\" data-id=\"bd92c7a\" data-element_type=\"section\" data-e-type=\"section\" data-settings=\"{&quot;background_background&quot;:&quot;classic&quot;}\">\n\t\t\t\t\t\t<div class=\"elementor-container elementor-column-gap-default\">\n\t\t\t\t\t<div class=\"elementor-column elementor-col-100 elementor-top-column elementor-element elementor-element-893ee58\" data-id=\"893ee58\" data-element_type=\"column\" data-e-type=\"column\">\n\t\t\t<div class=\"elementor-widget-wrap elementor-element-populated\">\n\t\t\t\t\t\t\t<\/div>\n\t\t<\/div>\n\t\t\t\t\t<\/div>\n\t\t<\/section>\n\t\t\t\t<section class=\"elementor-section elementor-top-section elementor-element elementor-element-1b19494f elementor-section-boxed elementor-section-height-default elementor-section-height-default\" data-id=\"1b19494f\" data-element_type=\"section\" data-e-type=\"section\">\n\t\t\t\t\t\t<div class=\"elementor-container elementor-column-gap-default\">\n\t\t\t\t\t<div class=\"elementor-column elementor-col-50 elementor-top-column elementor-element elementor-element-5a80d773\" data-id=\"5a80d773\" data-element_type=\"column\" data-e-type=\"column\">\n\t\t\t<div class=\"elementor-widget-wrap elementor-element-populated\">\n\t\t\t\t\t\t<div class=\"elementor-element elementor-element-2b0754ad elementor-widget elementor-widget-heading\" data-id=\"2b0754ad\" data-element_type=\"widget\" data-e-type=\"widget\" data-widget_type=\"heading.default\">\n\t\t\t\t<div class=\"elementor-widget-container\">\n\t\t\t\t\t<span class=\"elementor-heading-title elementor-size-default\">\u00bfPor qu\u00e9 hacerse la prueba?\n<\/span>\t\t\t\t<\/div>\n\t\t\t\t<\/div>\n\t\t\t\t<div class=\"elementor-element elementor-element-767da156 elementor-widget elementor-widget-text-editor\" data-id=\"767da156\" data-element_type=\"widget\" data-e-type=\"widget\" data-widget_type=\"text-editor.default\">\n\t\t\t\t<div class=\"elementor-widget-container\">\n\t\t\t\t\t\t\t\t\t<div class=\"et_pb_column et_pb_column_2_3 et_pb_column_1_tb_body et_pb_css_mix_blend_mode_passthrough\"><div class=\"et_pb_module et_pb_post_content et_pb_post_content_0_tb_body\"><div class=\"et-l et-l--post\"><div class=\"et_builder_inner_content et_pb_gutters3\"><div class=\"et_pb_section et_pb_section_0 et_section_regular\"><div class=\"et_pb_row et_pb_row_0 et_had_animation\"><div class=\"et_pb_column et_pb_column_4_4 et_pb_column_0 et_pb_css_mix_blend_mode_passthrough et-last-child\"><div class=\"et_pb_module et_pb_text et_pb_text_0 et_pb_text_align_left et_pb_bg_layout_light\"><div class=\"et_pb_text_inner\"><p><span style=\"font-weight: 400;\">Muchas ETS no presentan s\u00edntomas. Nuestro compromiso con la salud sexual integral va m\u00e1s all\u00e1 de explorar opciones de embarazo. Anchor of Hope ofrece pruebas de ETS para hombres y mujeres sin costo alguno.<\/span><\/p><p><span style=\"font-weight: 400;\">\u00a0Hay pruebas disponibles para<\/span>:<\/p><ul><li><a href=\"https:\/\/www.cdc.gov\/std\/chlamydia\/\" target=\"_blank\" rel=\"noopener external noreferrer\" data-wpel-link=\"external\">Clamidia<\/a><\/li><li><a href=\"https:\/\/www.cdc.gov\/std\/gonorrhea\/\" target=\"_blank\" rel=\"noopener external noreferrer\" data-wpel-link=\"external\">Gonorrea<\/a><\/li><li><a href=\"https:\/\/www.cdc.gov\/hepatitis\/hbv\/\" target=\"_blank\" rel=\"noopener external noreferrer\" data-wpel-link=\"external\">Hepatitis B y C<\/a><\/li><li><a href=\"https:\/\/www.cdc.gov\/hiv\/about\/index.html\" target=\"_blank\" rel=\"noopener external noreferrer\" data-wpel-link=\"external\">VIH\/SIDA<\/a><\/li><li><a href=\"https:\/\/www.cdc.gov\/herpes\/about\/index.html\" target=\"_blank\" rel=\"noopener external noreferrer\" data-wpel-link=\"external\">VHS2<\/a><\/li><li><a href=\"https:\/\/www.cdc.gov\/std\/syphilis\/\" target=\"_blank\" rel=\"noopener external noreferrer\" data-wpel-link=\"external\">S\u00edfilis<\/a><\/li><li><a href=\"https:\/\/www.cdc.gov\/trichomoniasis\/about\/index.html\" target=\"_blank\" rel=\"noopener external noreferrer\" data-wpel-link=\"external\">Tricomonas<\/a><\/li><li>Infecciones vaginales <a href=\"https:\/\/www.cdc.gov\/bacterial-vaginosis\/about\/?CDC_AAref_Val=https:\/\/www.cdc.gov\/std\/bv\/stdfact-bacterial-vaginosis.htm\" target=\"_blank\" rel=\"noopener external noreferrer\" data-wpel-link=\"external\">(BV)<\/a>, <a href=\"https:\/\/www.cdc.gov\/candidiasis\/testing\/index.html\" target=\"_blank\" rel=\"noopener external noreferrer\" data-wpel-link=\"external\">(Levadura)<\/a><\/li><\/ul><p><span style=\"color: var( --e-global-color-text ); font-size: 1rem;\"><br \/>Todas las citas son estrictamente confidenciales y se programan con un profesional m\u00e9dico autorizado. <span style=\"font-weight: 400;\">sin costo alguno para ti<\/span>.<\/span><\/p><\/div><\/div><\/div><\/div><\/div><\/div><\/div><\/div><\/div>\t\t\t\t\t\t\t\t<\/div>\n\t\t\t\t<\/div>\n\t\t\t\t<div class=\"elementor-element elementor-element-329613a elementor-widget elementor-widget-heading\" data-id=\"329613a\" data-element_type=\"widget\" data-e-type=\"widget\" data-widget_type=\"heading.default\">\n\t\t\t\t<div class=\"elementor-widget-container\">\n\t\t\t\t\t<span class=\"elementor-heading-title elementor-size-default\">Qu\u00e9 esperar en su cita<\/span>\t\t\t\t<\/div>\n\t\t\t\t<\/div>\n\t\t\t\t<div class=\"elementor-element elementor-element-b36154d elementor-widget elementor-widget-text-editor\" data-id=\"b36154d\" data-element_type=\"widget\" data-e-type=\"widget\" data-widget_type=\"text-editor.default\">\n\t\t\t\t<div class=\"elementor-widget-container\">\n\t\t\t\t\t\t\t\t\t<div class=\"et_pb_column et_pb_column_2_3 et_pb_column_1_tb_body et_pb_css_mix_blend_mode_passthrough\"><div class=\"et_pb_module et_pb_post_content et_pb_post_content_0_tb_body\"><div class=\"et-l et-l--post\"><div class=\"et_builder_inner_content et_pb_gutters3\"><div class=\"et_pb_section et_pb_section_0 et_section_regular\"><div class=\"et_pb_row et_pb_row_0 et_had_animation\"><div class=\"et_pb_column et_pb_column_4_4 et_pb_column_0 et_pb_css_mix_blend_mode_passthrough et-last-child\"><div class=\"et_pb_module et_pb_text et_pb_text_0 et_pb_text_align_left et_pb_bg_layout_light\"><div class=\"et_pb_text_inner\"><ul><li><span style=\"font-weight: 400;\">Se requiere una identificaci\u00f3n con fotograf\u00eda. <\/span><\/li><li><span style=\"font-weight: 400;\">La evaluaci\u00f3n de riesgo de ETS y el historial de salud se completar\u00e1n con el profesional m\u00e9dico antes de determinar las pruebas apropiadas a realizar. <\/span><\/li><li><span style=\"font-weight: 400;\">Las muestras de prueba necesarias pueden obtenerse de sangre u orina y ser\u00e1n procesadas por un laboratorio acreditado. <\/span><\/li><li><span style=\"font-weight: 400;\">La educaci\u00f3n y la informaci\u00f3n sobre las ETS se proporcionan sin costo alguno para usted.<\/span><\/li><\/ul><p><span style=\"font-weight: 400;\"><br \/>Se programar\u00e1n citas de seguimiento para analizar los resultados de las pruebas entre 5 y 7 d\u00edas despu\u00e9s de la prueba. Las opciones de tratamiento disponibles son limitadas.<\/span><\/p><\/div><\/div><\/div><\/div><\/div><\/div><\/div><\/div><\/div>\t\t\t\t\t\t\t\t<\/div>\n\t\t\t\t<\/div>\n\t\t\t\t<div class=\"elementor-element elementor-element-2951796 elementor-widget elementor-widget-text-editor\" data-id=\"2951796\" data-element_type=\"widget\" data-e-type=\"widget\" data-widget_type=\"text-editor.default\">\n\t\t\t\t<div class=\"elementor-widget-container\">\n\t\t\t\t\t\t\t\t\t<p><strong>Si est\u00e1 considerando abortar, se recomienda encarecidamente hacerse pruebas de ITS\/ETS, incluso si no experimenta s\u00edntomas.\u00a0<\/strong><\/p>\t\t\t\t\t\t\t\t<\/div>\n\t\t\t\t<\/div>\n\t\t\t\t\t<\/div>\n\t\t<\/div>\n\t\t\t\t<div class=\"elementor-column elementor-col-50 elementor-top-column elementor-element elementor-element-7e30c2d7\" data-id=\"7e30c2d7\" data-element_type=\"column\" data-e-type=\"column\">\n\t\t\t<div class=\"elementor-widget-wrap elementor-element-populated\">\n\t\t\t\t\t\t<div class=\"elementor-element elementor-element-8bb8915 elementor-widget elementor-widget-html\" data-id=\"8bb8915\" data-element_type=\"widget\" data-e-type=\"widget\" data-widget_type=\"html.default\">\n\t\t\t\t<div class=\"elementor-widget-container\">\n\t\t\t\t\t<script src=\"https:\/\/hsformwidget.azurewebsites.net\/embed.js\" data-form-id=\"e05958f1-03da-4ce8-ac5d-a9efcda19212\"><\/script><iframe id=\"hsformwidget-ga-iframe\" src=\"about:blank\" height=\"0\" width=\"0\" style=\"display:none;visibility:hidden\"><\/iframe>\t\t\t\t<\/div>\n\t\t\t\t<\/div>\n\t\t\t\t<div class=\"elementor-element elementor-element-270340a5 elementor-widget elementor-widget-text-editor\" data-id=\"270340a5\" data-element_type=\"widget\" data-e-type=\"widget\" data-widget_type=\"text-editor.default\">\n\t\t\t\t<div class=\"elementor-widget-container\">\n\t\t\t\t\t\t\t\t\t<div class=\"et_pb_column et_pb_column_2_3 et_pb_column_1_tb_body et_pb_css_mix_blend_mode_passthrough\"><div class=\"et_pb_module et_pb_post_content et_pb_post_content_0_tb_body\"><div class=\"et-l et-l--post\"><div class=\"et_builder_inner_content et_pb_gutters3\"><div class=\"et_pb_section et_pb_section_0 et_section_regular\"><div class=\"et_pb_row et_pb_row_0 et_had_animation\"><div class=\"et_pb_column et_pb_column_4_4 et_pb_column_0 et_pb_css_mix_blend_mode_passthrough et-last-child\"><div class=\"et_pb_module et_pb_text et_pb_text_0 et_pb_text_align_left et_pb_bg_layout_light\"><div class=\"et_pb_text_inner\"><p><strong>Este formulario no garantiza una cita, la cl\u00ednica se comunicar\u00e1 con usted el siguiente d\u00eda h\u00e1bil para responder algunas preguntas y confirmar que el espacio est\u00e1 disponible. Tenga en cuenta: La correspondencia que env\u00eda en este formulario no es segura. Por favor no env\u00ede informaci\u00f3n confidencial en el cuadro de mensaje de este formulario.<\/strong><\/p><\/div><\/div><\/div><\/div><\/div><\/div><\/div><\/div><\/div>\t\t\t\t\t\t\t\t<\/div>\n\t\t\t\t<\/div>\n\t\t\t\t\t<\/div>\n\t\t<\/div>\n\t\t\t\t\t<\/div>\n\t\t<\/section>\n\t\t\t\t<section class=\"elementor-section elementor-top-section elementor-element elementor-element-ff23ea4 elementor-section-boxed elementor-section-height-default elementor-section-height-default\" data-id=\"ff23ea4\" data-element_type=\"section\" data-e-type=\"section\">\n\t\t\t\t\t\t<div class=\"elementor-container elementor-column-gap-default\">\n\t\t\t\t\t<div class=\"elementor-column elementor-col-100 elementor-top-column elementor-element elementor-element-b0104bd\" data-id=\"b0104bd\" data-element_type=\"column\" data-e-type=\"column\">\n\t\t\t<div class=\"elementor-widget-wrap elementor-element-populated\">\n\t\t\t\t\t\t<div class=\"elementor-element elementor-element-373b694 elementor-testimonial--skin-bubble elementor-testimonial--layout-image_inline elementor-testimonial--align-center elementor-arrows-yes elementor-pagination-type-bullets elementor-widget elementor-widget-testimonial-carousel\" data-id=\"373b694\" data-element_type=\"widget\" data-e-type=\"widget\" data-settings=\"{&quot;speed&quot;:300,&quot;autoplay_speed&quot;:4972,&quot;show_arrows&quot;:&quot;yes&quot;,&quot;pagination&quot;:&quot;bullets&quot;,&quot;autoplay&quot;:&quot;yes&quot;,&quot;loop&quot;:&quot;yes&quot;,&quot;pause_on_hover&quot;:&quot;yes&quot;,&quot;pause_on_interaction&quot;:&quot;yes&quot;,&quot;space_between&quot;:{&quot;unit&quot;:&quot;px&quot;,&quot;size&quot;:10,&quot;sizes&quot;:[]},&quot;space_between_tablet&quot;:{&quot;unit&quot;:&quot;px&quot;,&quot;size&quot;:10,&quot;sizes&quot;:[]},&quot;space_between_mobile&quot;:{&quot;unit&quot;:&quot;px&quot;,&quot;size&quot;:10,&quot;sizes&quot;:[]}}\" data-widget_type=\"testimonial-carousel.default\">\n\t\t\t\t<div class=\"elementor-widget-container\">\n\t\t\t\t\t\t\t\t\t<div class=\"elementor-swiper\">\n\t\t\t\t\t<div class=\"elementor-main-swiper swiper\" role=\"region\" aria-roledescription=\"carousel\" aria-label=\"Diapositivas\">\n\t\t\t\t<div class=\"swiper-wrapper\">\n\t\t\t\t\t\t\t\t\t\t\t<div class=\"swiper-slide\" role=\"group\" aria-roledescription=\"slide\">\n\t\t\t\t\t\t\t\t\t<div class=\"elementor-testimonial\">\n\t\t\t\t\t\t\t<div class=\"elementor-testimonial__content\">\n\t\t\t\t\t<div class=\"elementor-testimonial__text\">\n\t\t\t\t\t\tMi visita fue tranquila y tranquilizadora.  \t\t\t\t\t<\/div>\n\t\t\t\t\t\t\t\t\t<\/div>\n\t\t\t\t\t\t<div class=\"elementor-testimonial__footer\">\n\t\t\t\t\t\t\t\t\t<div class=\"elementor-testimonial__image\">\n\t\t\t\t\t\t<img decoding=\"async\" src=\"https:\/\/anchorofhopewi.org\/wp-content\/uploads\/2024\/10\/17.png\" alt=\"\">\n\t\t\t\t\t\t\t\t\t\t\t<\/div>\n\t\t\t\t\t\t\t\t\t\t\t<\/div>\n\t\t<\/div>\n\t\t\t\t\t\t\t\t<\/div>\n\t\t\t\t\t\t\t\t\t\t\t<div class=\"swiper-slide\" role=\"group\" aria-roledescription=\"slide\">\n\t\t\t\t\t\t\t\t\t<div class=\"elementor-testimonial\">\n\t\t\t\t\t\t\t<div class=\"elementor-testimonial__content\">\n\t\t\t\t\t<div class=\"elementor-testimonial__text\">\n\t\t\t\t\t\tEstoy muy contento con mi experiencia, fue de mucha ayuda. \t\t\t\t\t<\/div>\n\t\t\t\t\t\t\t\t\t<\/div>\n\t\t\t\t\t\t<div class=\"elementor-testimonial__footer\">\n\t\t\t\t\t\t\t\t\t<div class=\"elementor-testimonial__image\">\n\t\t\t\t\t\t<img decoding=\"async\" src=\"https:\/\/anchorofhopewi.org\/wp-content\/uploads\/2024\/10\/18.png\" alt=\"\">\n\t\t\t\t\t\t\t\t\t\t\t<\/div>\n\t\t\t\t\t\t\t\t\t\t\t<\/div>\n\t\t<\/div>\n\t\t\t\t\t\t\t\t<\/div>\n\t\t\t\t\t\t\t\t\t\t\t<div class=\"swiper-slide\" role=\"group\" aria-roledescription=\"slide\">\n\t\t\t\t\t\t\t\t\t<div class=\"elementor-testimonial\">\n\t\t\t\t\t\t\t<div class=\"elementor-testimonial__content\">\n\t\t\t\t\t<div class=\"elementor-testimonial__text\">\n\t\t\t\t\t\tFue muy f\u00e1cil, todo el personal es profesional. \t\t\t\t\t<\/div>\n\t\t\t\t\t\t\t\t\t<\/div>\n\t\t\t\t\t\t<div class=\"elementor-testimonial__footer\">\n\t\t\t\t\t\t\t\t\t<div class=\"elementor-testimonial__image\">\n\t\t\t\t\t\t<img decoding=\"async\" src=\"https:\/\/anchorofhopewi.org\/wp-content\/uploads\/2024\/10\/19.png\" alt=\"\">\n\t\t\t\t\t\t\t\t\t\t\t<\/div>\n\t\t\t\t\t\t\t\t\t\t\t<\/div>\n\t\t<\/div>\n\t\t\t\t\t\t\t\t<\/div>\n\t\t\t\t\t\t\t\t\t<\/div>\n\t\t\t\t\t\t\t\t\t\t\t\t\t\t\t<div class=\"elementor-swiper-button elementor-swiper-button-prev\" role=\"button\" tabindex=\"0\" aria-label=\"Anterior\">\n\t\t\t\t\t\t\t<i aria-hidden=\"true\" class=\"eicon-chevron-left\"><\/i>\t\t\t\t\t\t<\/div>\n\t\t\t\t\t\t<div class=\"elementor-swiper-button elementor-swiper-button-next\" role=\"button\" tabindex=\"0\" aria-label=\"Pr\u00f3ximo\">\n\t\t\t\t\t\t\t<i aria-hidden=\"true\" class=\"eicon-chevron-right\"><\/i>\t\t\t\t\t\t<\/div>\n\t\t\t\t\t\t\t\t\t\t\t\t\t\t\t\t<div class=\"swiper-pagination\"><\/div>\n\t\t\t\t\t\t\t\t\t\t\t\t<\/div>\n\t\t\t\t<\/div>\n\t\t\t\t\t\t\t\t<\/div>\n\t\t\t\t<\/div>\n\t\t\t\t\t<\/div>\n\t\t<\/div>\n\t\t\t\t\t<\/div>\n\t\t<\/section>\n\t\t\t\t<\/div>","protected":false},"excerpt":{"rendered":"<p>Why Get Tested? Many STDs have no symptoms. Our commitment to holistic sexual health goes beyond exploring pregnancy options. Anchor of Hope provides STD testing for men and women at no cost to you. \u00a0Testing is available for: Chlamydia Gonorrhea Hepatitis B and C HIV\/AIDS HSV2 Syphilis Trichomonas Vaginal Infections (BV), (Yeast) All appointments are [&hellip;]<\/p>\n","protected":false},"author":28,"featured_media":2239,"parent":0,"menu_order":0,"comment_status":"closed","ping_status":"closed","template":"elementor_header_footer","meta":{"_acf_changed":false,"footnotes":""},"class_list":["post-1379","page","type-page","status-publish","has-post-thumbnail","hentry"],"acf":[],"yoast_head":"<!-- This site is optimized with the Yoast SEO plugin v27.4 - https:\/\/yoast.com\/product\/yoast-seo-wordpress\/ -->\n<title>Free STI\/STD Testing Sheboygan WI: 27\/7 Walk in Clinic<\/title>\n<meta name=\"description\" content=\"Comprehensive STI testing in Sheboygan for herpes, chlamydia, gonorrhea, syphilis, and more, using advanced diagnostics at our dedicated Health Center.\" \/>\n<meta name=\"robots\" content=\"index, follow, max-snippet:-1, max-image-preview:large, max-video-preview:-1\" \/>\n<link rel=\"canonical\" href=\"http:\/\/anchorofhopewi.clmstaging.com\/sti-std-testing-and-treatment\/\" \/>\n<meta property=\"og:locale\" content=\"es_MX\" \/>\n<meta property=\"og:type\" content=\"article\" \/>\n<meta property=\"og:title\" content=\"Free STI\/STD Testing Sheboygan WI: 27\/7 Walk in Clinic\" \/>\n<meta property=\"og:description\" content=\"Comprehensive STI testing in Sheboygan for herpes, chlamydia, gonorrhea, syphilis, and more, using advanced diagnostics at our dedicated Health Center.\" \/>\n<meta property=\"og:url\" content=\"http:\/\/anchorofhopewi.clmstaging.com\/sti-std-testing-and-treatment\/\" \/>\n<meta property=\"og:site_name\" content=\"Anchor of Hope\" \/>\n<meta property=\"article:modified_time\" content=\"2025-10-16T15:20:20+00:00\" \/>\n<meta property=\"og:image\" content=\"http:\/\/anchorofhopewi.clmstaging.com\/wp-content\/uploads\/2021\/09\/AdobeStock_305057710-1.jpg\" \/>\n\t<meta property=\"og:image:width\" content=\"1920\" \/>\n\t<meta property=\"og:image:height\" content=\"632\" \/>\n\t<meta property=\"og:image:type\" content=\"image\/jpeg\" \/>\n<meta name=\"twitter:card\" content=\"summary_large_image\" \/>\n<meta name=\"twitter:label1\" content=\"Tiempo de lectura\" \/>\n\t<meta name=\"twitter:data1\" content=\"3 minutos\" \/>\n<!-- \/ Yoast SEO plugin. -->","yoast_head_json":{"title":"Pruebas de ITS\/ETS gratuitas en Sheboygan, WI: Cl\u00ednica sin cita previa disponible las 24 horas, los 7 d\u00edas de la semana","description":"Pruebas integrales de ITS en Sheboygan para herpes, clamidia, gonorrea, s\u00edfilis y m\u00e1s, utilizando diagn\u00f3sticos avanzados en nuestro centro de salud dedicado.","robots":{"index":"index","follow":"follow","max-snippet":"max-snippet:-1","max-image-preview":"max-image-preview:large","max-video-preview":"max-video-preview:-1"},"canonical":"http:\/\/anchorofhopewi.clmstaging.com\/sti-std-testing-and-treatment\/","og_locale":"es_MX","og_type":"article","og_title":"Free STI\/STD Testing Sheboygan WI: 27\/7 Walk in Clinic","og_description":"Comprehensive STI testing in Sheboygan for herpes, chlamydia, gonorrhea, syphilis, and more, using advanced diagnostics at our dedicated Health Center.","og_url":"http:\/\/anchorofhopewi.clmstaging.com\/sti-std-testing-and-treatment\/","og_site_name":"Anchor of Hope","article_modified_time":"2025-10-16T15:20:20+00:00","og_image":[{"width":1920,"height":632,"url":"http:\/\/anchorofhopewi.clmstaging.com\/wp-content\/uploads\/2021\/09\/AdobeStock_305057710-1.jpg","type":"image\/jpeg"}],"twitter_card":"summary_large_image","twitter_misc":{"Tiempo de lectura":"3 minutos"},"schema":{"@context":"https:\/\/schema.org","@graph":[{"@type":"WebPage","@id":"http:\/\/anchorofhopewi.clmstaging.com\/sti-std-testing-and-treatment\/","url":"http:\/\/anchorofhopewi.clmstaging.com\/sti-std-testing-and-treatment\/","name":"Pruebas de ITS\/ETS gratuitas en Sheboygan, WI: Cl\u00ednica sin cita previa disponible las 24 horas, los 7 d\u00edas de la semana","isPartOf":{"@id":"http:\/\/anchorofhopewi.clmstaging.com\/#website"},"primaryImageOfPage":{"@id":"http:\/\/anchorofhopewi.clmstaging.com\/sti-std-testing-and-treatment\/#primaryimage"},"image":{"@id":"http:\/\/anchorofhopewi.clmstaging.com\/sti-std-testing-and-treatment\/#primaryimage"},"thumbnailUrl":"https:\/\/anchorofhopewi.org\/wp-content\/uploads\/2021\/09\/AdobeStock_305057710-1.jpg","datePublished":"2021-06-16T17:49:58+00:00","dateModified":"2025-10-16T15:20:20+00:00","description":"Pruebas integrales de ITS en Sheboygan para herpes, clamidia, gonorrea, s\u00edfilis y m\u00e1s, utilizando diagn\u00f3sticos avanzados en nuestro centro de salud dedicado.","breadcrumb":{"@id":"http:\/\/anchorofhopewi.clmstaging.com\/sti-std-testing-and-treatment\/#breadcrumb"},"inLanguage":"es","potentialAction":[{"@type":"ReadAction","target":["http:\/\/anchorofhopewi.clmstaging.com\/sti-std-testing-and-treatment\/"]}]},{"@type":"ImageObject","inLanguage":"es","@id":"http:\/\/anchorofhopewi.clmstaging.com\/sti-std-testing-and-treatment\/#primaryimage","url":"https:\/\/anchorofhopewi.org\/wp-content\/uploads\/2021\/09\/AdobeStock_305057710-1.jpg","contentUrl":"https:\/\/anchorofhopewi.org\/wp-content\/uploads\/2021\/09\/AdobeStock_305057710-1.jpg","width":1920,"height":632},{"@type":"BreadcrumbList","@id":"http:\/\/anchorofhopewi.clmstaging.com\/sti-std-testing-and-treatment\/#breadcrumb","itemListElement":[{"@type":"ListItem","position":1,"name":"Home","item":"https:\/\/anchorofhopewi.org\/"},{"@type":"ListItem","position":2,"name":"STD Testing"}]},{"@type":"WebSite","@id":"http:\/\/anchorofhopewi.clmstaging.com\/#website","url":"http:\/\/anchorofhopewi.clmstaging.com\/","name":"Ancla de esperanza","description":"Centro de salud para mujeres Sheboygan - (920) 452-4673","publisher":{"@id":"http:\/\/anchorofhopewi.clmstaging.com\/#organization"},"potentialAction":[{"@type":"SearchAction","target":{"@type":"EntryPoint","urlTemplate":"http:\/\/anchorofhopewi.clmstaging.com\/?s={search_term_string}"},"query-input":{"@type":"PropertyValueSpecification","valueRequired":true,"valueName":"search_term_string"}}],"inLanguage":"es"},{"@type":"Organization","@id":"http:\/\/anchorofhopewi.clmstaging.com\/#organization","name":"Ancla de esperanza","url":"http:\/\/anchorofhopewi.clmstaging.com\/","logo":{"@type":"ImageObject","inLanguage":"es","@id":"http:\/\/anchorofhopewi.clmstaging.com\/#\/schema\/logo\/image\/","url":"https:\/\/anchorofhopewi.org\/wp-content\/uploads\/2021\/09\/logo-color.png","contentUrl":"https:\/\/anchorofhopewi.org\/wp-content\/uploads\/2021\/09\/logo-color.png","width":729,"height":115,"caption":"Anchor of Hope"},"image":{"@id":"http:\/\/anchorofhopewi.clmstaging.com\/#\/schema\/logo\/image\/"}}]}},"_links":{"self":[{"href":"https:\/\/anchorofhopewi.org\/es\/wp-json\/wp\/v2\/pages\/1379","targetHints":{"allow":["GET"]}}],"collection":[{"href":"https:\/\/anchorofhopewi.org\/es\/wp-json\/wp\/v2\/pages"}],"about":[{"href":"https:\/\/anchorofhopewi.org\/es\/wp-json\/wp\/v2\/types\/page"}],"author":[{"embeddable":true,"href":"https:\/\/anchorofhopewi.org\/es\/wp-json\/wp\/v2\/users\/28"}],"replies":[{"embeddable":true,"href":"https:\/\/anchorofhopewi.org\/es\/wp-json\/wp\/v2\/comments?post=1379"}],"version-history":[{"count":0,"href":"https:\/\/anchorofhopewi.org\/es\/wp-json\/wp\/v2\/pages\/1379\/revisions"}],"wp:featuredmedia":[{"embeddable":true,"href":"https:\/\/anchorofhopewi.org\/es\/wp-json\/wp\/v2\/media\/2239"}],"wp:attachment":[{"href":"https:\/\/anchorofhopewi.org\/es\/wp-json\/wp\/v2\/media?parent=1379"}],"curies":[{"name":"gracias","href":"https:\/\/api.w.org\/{rel}","templated":true}]}}