{"id":2881,"date":"2022-11-28T15:25:06","date_gmt":"2022-11-28T21:25:06","guid":{"rendered":"https:\/\/anchorofhopewi.org\/?page_id=2881"},"modified":"2025-10-16T09:19:06","modified_gmt":"2025-10-16T15:19:06","slug":"well-woman-care","status":"publish","type":"page","link":"https:\/\/anchorofhopewi.org\/es\/well-woman-care\/","title":{"rendered":"Cuidado de la mujer sana"},"content":{"rendered":"<div data-elementor-type=\"wp-page\" data-elementor-id=\"2881\" class=\"elementor elementor-2881\" data-elementor-post-type=\"page\">\n\t\t\t\t\t\t<section class=\"elementor-section elementor-top-section elementor-element elementor-element-75afbde elementor-section-full_width elementor-section-height-min-height elementor-section-height-default elementor-section-items-middle\" data-id=\"75afbde\" data-element_type=\"section\" data-e-type=\"section\" data-settings=\"{&quot;background_background&quot;:&quot;classic&quot;}\">\n\t\t\t\t\t\t<div class=\"elementor-container elementor-column-gap-default\">\n\t\t\t\t\t<div class=\"elementor-column elementor-col-100 elementor-top-column elementor-element elementor-element-6a019d8\" data-id=\"6a019d8\" data-element_type=\"column\" data-e-type=\"column\">\n\t\t\t<div class=\"elementor-widget-wrap elementor-element-populated\">\n\t\t\t\t\t\t\t<\/div>\n\t\t<\/div>\n\t\t\t\t\t<\/div>\n\t\t<\/section>\n\t\t\t\t<section class=\"elementor-section elementor-top-section elementor-element elementor-element-5f001e77 elementor-section-boxed elementor-section-height-default elementor-section-height-default\" data-id=\"5f001e77\" data-element_type=\"section\" data-e-type=\"section\">\n\t\t\t\t\t\t<div class=\"elementor-container elementor-column-gap-default\">\n\t\t\t\t\t<div class=\"elementor-column elementor-col-50 elementor-top-column elementor-element elementor-element-541ae694\" data-id=\"541ae694\" data-element_type=\"column\" data-e-type=\"column\">\n\t\t\t<div class=\"elementor-widget-wrap elementor-element-populated\">\n\t\t\t\t\t\t<div class=\"elementor-element elementor-element-9cf3890 elementor-widget elementor-widget-heading\" data-id=\"9cf3890\" data-element_type=\"widget\" data-e-type=\"widget\" data-widget_type=\"heading.default\">\n\t\t\t\t<div class=\"elementor-widget-container\">\n\t\t\t\t\t<span class=\"elementor-heading-title elementor-size-default\">\u00bfQu\u00e9 es el cuidado de la mujer sana?<\/span>\t\t\t\t<\/div>\n\t\t\t\t<\/div>\n\t\t\t\t<div class=\"elementor-element elementor-element-3fd50b48 elementor-widget elementor-widget-text-editor\" data-id=\"3fd50b48\" data-element_type=\"widget\" data-e-type=\"widget\" data-widget_type=\"text-editor.default\">\n\t\t\t\t<div class=\"elementor-widget-container\">\n\t\t\t\t\t\t\t\t\t<div class=\"et_pb_column et_pb_column_2_3 et_pb_column_1_tb_body et_pb_css_mix_blend_mode_passthrough\"><div class=\"et_pb_module et_pb_post_content et_pb_post_content_0_tb_body\"><div class=\"et-l et-l--post\"><div class=\"et_builder_inner_content et_pb_gutters3\"><div class=\"et_pb_section et_pb_section_0 et_section_regular\"><div class=\"et_pb_row et_pb_row_0 et_had_animation\"><div class=\"et_pb_column et_pb_column_4_4 et_pb_column_0 et_pb_css_mix_blend_mode_passthrough et-last-child\"><div class=\"et_pb_module et_pb_text et_pb_text_0 et_pb_text_align_left et_pb_bg_layout_light\"><div class=\"et_pb_text_inner\"><p><span style=\"font-weight: 400;\">Un examen de mujer sana es un control de rutina centrado en usted y su salud y bienestar sexual. Un examen de mujer sana incluye un examen p\u00e9lvico y de mamas realizado por un profesional m\u00e9dico autorizado.\u00a0<\/span><\/p><\/div><\/div><\/div><\/div><\/div><\/div><\/div><\/div><\/div>\t\t\t\t\t\t\t\t<\/div>\n\t\t\t\t<\/div>\n\t\t\t\t<div class=\"elementor-element elementor-element-e8ff03b elementor-widget elementor-widget-heading\" data-id=\"e8ff03b\" data-element_type=\"widget\" data-e-type=\"widget\" data-widget_type=\"heading.default\">\n\t\t\t\t<div class=\"elementor-widget-container\">\n\t\t\t\t\t<h5 class=\"elementor-heading-title elementor-size-default\">\u00bfQu\u00e9 incluye?<\/h5>\t\t\t\t<\/div>\n\t\t\t\t<\/div>\n\t\t\t\t<div class=\"elementor-element elementor-element-c2dbe1b elementor-widget elementor-widget-text-editor\" data-id=\"c2dbe1b\" data-element_type=\"widget\" data-e-type=\"widget\" data-widget_type=\"text-editor.default\">\n\t\t\t\t<div class=\"elementor-widget-container\">\n\t\t\t\t\t\t\t\t\t<ul><li data-start=\"135\" data-end=\"284\"><p data-start=\"137\" data-end=\"284\"><strong data-start=\"137\" data-end=\"152\">Qu\u00e9 es:<\/strong> <a href=\"https:\/\/www.cdc.gov\/cervical-cancer\/screening\/\" target=\"_blank\" rel=\"noopener external noreferrer\" data-wpel-link=\"external\">Detecci\u00f3n del c\u00e1ncer de cuello uterino<\/a> incluye un <a href=\"https:\/\/www.cdc.gov\/nchs\/fastats\/pap-tests.htm\" target=\"_blank\" rel=\"noopener external noreferrer\" data-wpel-link=\"external\">Citolog\u00eda vaginal<\/a>, que busca c\u00e9lulas cervicales anormales que podr\u00edan provocar c\u00e1ncer si no se tratan.<\/p><\/li><li data-start=\"285\" data-end=\"388\"><p data-start=\"287\" data-end=\"388\"><strong data-start=\"287\" data-end=\"305\">Cu\u00e1ndo empezar:<\/strong> Comience su primera prueba de Papanicolaou dentro de los 3 a\u00f1os posteriores a su primera experiencia sexual.<\/p><\/li><li data-start=\"389\" data-end=\"546\"><p data-start=\"391\" data-end=\"546\"><strong data-start=\"391\" data-end=\"405\">Con qu\u00e9 frecuencia:<\/strong> Se recomienda cada 3 a\u00f1os para mujeres de 21 a 65 a\u00f1os. Si los resultados son normales, el seguimiento puede realizarse cada 3 a 5 a\u00f1os, seg\u00fan los factores de riesgo.<\/p><\/li><li data-start=\"547\" data-end=\"739\"><p data-start=\"549\" data-end=\"739\"><strong data-start=\"549\" data-end=\"568\">Conexi\u00f3n con el VPH:<\/strong> <a href=\"https:\/\/blogs.cdc.gov\/nchs\/category\/hpv\/\" target=\"_blank\" rel=\"noopener external noreferrer\" data-wpel-link=\"external\">VPH<\/a> El virus del papiloma humano (VPH) es la causa m\u00e1s com\u00fan de c\u00e1ncer de cuello uterino. Aunque no existe cura para el VPH, existen vacunas que protegen contra ciertas cepas.<\/p><\/li><\/ul>\t\t\t\t\t\t\t\t<\/div>\n\t\t\t\t<\/div>\n\t\t\t\t<div class=\"elementor-element elementor-element-5e44d2e elementor-widget elementor-widget-heading\" data-id=\"5e44d2e\" data-element_type=\"widget\" data-e-type=\"widget\" data-widget_type=\"heading.default\">\n\t\t\t\t<div class=\"elementor-widget-container\">\n\t\t\t\t\t<h5 class=\"elementor-heading-title elementor-size-default\">\u00bfQu\u00e9 necesito saber antes de mi examen?<\/h5>\t\t\t\t<\/div>\n\t\t\t\t<\/div>\n\t\t\t\t<div class=\"elementor-element elementor-element-af6a237 elementor-widget elementor-widget-text-editor\" data-id=\"af6a237\" data-element_type=\"widget\" data-e-type=\"widget\" data-widget_type=\"text-editor.default\">\n\t\t\t\t<div class=\"elementor-widget-container\">\n\t\t\t\t\t\t\t\t\t<div class=\"et_pb_column et_pb_column_2_3 et_pb_column_1_tb_body et_pb_css_mix_blend_mode_passthrough\"><div class=\"et_pb_module et_pb_post_content et_pb_post_content_0_tb_body\"><div class=\"et-l et-l--post\"><div class=\"et_builder_inner_content et_pb_gutters3\"><div class=\"et_pb_section et_pb_section_0 et_section_regular\"><div class=\"et_pb_row et_pb_row_0 et_had_animation\"><div class=\"et_pb_column et_pb_column_4_4 et_pb_column_0 et_pb_css_mix_blend_mode_passthrough et-last-child\"><div class=\"et_pb_module et_pb_text et_pb_text_0 et_pb_text_align_left et_pb_bg_layout_light\"><div class=\"et_pb_text_inner\"><ul><li data-start=\"771\" data-end=\"897\"><strong data-start=\"771\" data-end=\"786\">Programaci\u00f3n:<\/strong> <a href=\"tel:9204524673\" target=\"_blank\" rel=\"noopener\" data-wpel-link=\"internal\">llamar a una enfermera<\/a> En Anchor of Hope para programar tu prueba. Elige una fecha en la que no tengas la regla.<\/li><\/ul><ul><li data-start=\"771\" data-end=\"897\"><p data-start=\"900\" data-end=\"933\"><strong data-start=\"900\" data-end=\"931\">El d\u00eda antes del examen, evitar:<\/strong><\/p><ul data-start=\"936\" data-end=\"1032\"><li data-start=\"936\" data-end=\"948\"><p data-start=\"938\" data-end=\"948\">Duchas vaginales<\/p><\/li><li data-start=\"951\" data-end=\"965\"><p data-start=\"953\" data-end=\"965\">Uso de tampones<\/p><\/li><li data-start=\"968\" data-end=\"990\"><p data-start=\"970\" data-end=\"990\">relaciones sexuales<\/p><\/li><li data-start=\"993\" data-end=\"1032\"><p data-start=\"995\" data-end=\"1032\">Insertar cualquier cosa en la vagina<\/p><\/li><\/ul><\/li><\/ul><ul><li style=\"list-style-type: none;\">\u00a0<\/li><\/ul><\/div><\/div><\/div><\/div><\/div><\/div><\/div><\/div><\/div>\t\t\t\t\t\t\t\t<\/div>\n\t\t\t\t<\/div>\n\t\t\t\t<div class=\"elementor-element elementor-element-5309d2d elementor-widget elementor-widget-heading\" data-id=\"5309d2d\" data-element_type=\"widget\" data-e-type=\"widget\" data-widget_type=\"heading.default\">\n\t\t\t\t<div class=\"elementor-widget-container\">\n\t\t\t\t\t<h5 class=\"elementor-heading-title elementor-size-default\">Durante y despu\u00e9s de su examen:<\/h5>\t\t\t\t<\/div>\n\t\t\t\t<\/div>\n\t\t\t\t<div class=\"elementor-element elementor-element-80100c5 elementor-widget elementor-widget-text-editor\" data-id=\"80100c5\" data-element_type=\"widget\" data-e-type=\"widget\" data-widget_type=\"text-editor.default\">\n\t\t\t\t<div class=\"elementor-widget-container\">\n\t\t\t\t\t\t\t\t\t<ul><li data-start=\"1062\" data-end=\"1166\"><p data-start=\"1064\" data-end=\"1166\">Los profesionales m\u00e9dicos autorizados le har\u00e1n preguntas b\u00e1sicas de salud y le explicar\u00e1n el procedimiento.<\/p><\/li><li data-start=\"1167\" data-end=\"1229\"><p data-start=\"1169\" data-end=\"1229\"><strong data-start=\"1169\" data-end=\"1178\">Tiempo:<\/strong> La cita suele durar entre 20 y 30 minutos.<\/p><\/li><li data-start=\"1230\" data-end=\"1299\"><p data-start=\"1232\" data-end=\"1299\"><strong data-start=\"1232\" data-end=\"1244\">Resultados:<\/strong> Deber\u00eda recibir resultados en menos de 3 semanas.<\/p><\/li><li data-start=\"1328\" data-end=\"1426\"><p data-start=\"1330\" data-end=\"1426\">Si los resultados muestran algo anormal, el personal m\u00e9dico autorizado se comunicar\u00e1 con usted para realizar un seguimiento.<\/p><\/li><\/ul>\t\t\t\t\t\t\t\t<\/div>\n\t\t\t\t<\/div>\n\t\t\t\t<div class=\"elementor-element elementor-element-7c59cf6 elementor-widget elementor-widget-heading\" data-id=\"7c59cf6\" data-element_type=\"widget\" data-e-type=\"widget\" data-widget_type=\"heading.default\">\n\t\t\t\t<div class=\"elementor-widget-container\">\n\t\t\t\t\t<h5 class=\"elementor-heading-title elementor-size-default\">La detecci\u00f3n regular es un paso importante para proteger su salud general.<\/h5>\t\t\t\t<\/div>\n\t\t\t\t<\/div>\n\t\t\t\t\t<\/div>\n\t\t<\/div>\n\t\t\t\t<div class=\"elementor-column elementor-col-50 elementor-top-column elementor-element elementor-element-566e1495\" data-id=\"566e1495\" data-element_type=\"column\" data-e-type=\"column\">\n\t\t\t<div class=\"elementor-widget-wrap elementor-element-populated\">\n\t\t\t\t\t\t<div class=\"elementor-element elementor-element-505bbab elementor-widget elementor-widget-html\" data-id=\"505bbab\" data-element_type=\"widget\" data-e-type=\"widget\" data-widget_type=\"html.default\">\n\t\t\t\t<div class=\"elementor-widget-container\">\n\t\t\t\t\t<script src=\"https:\/\/hsformwidget.azurewebsites.net\/embed.js\" data-form-id=\"e05958f1-03da-4ce8-ac5d-a9efcda19212\"><\/script><iframe id=\"hsformwidget-ga-iframe\" src=\"about:blank\" height=\"0\" width=\"0\" style=\"display:none;visibility:hidden\"><\/iframe>\t\t\t\t<\/div>\n\t\t\t\t<\/div>\n\t\t\t\t<div class=\"elementor-element elementor-element-59ac372e elementor-widget elementor-widget-text-editor\" data-id=\"59ac372e\" data-element_type=\"widget\" data-e-type=\"widget\" data-widget_type=\"text-editor.default\">\n\t\t\t\t<div class=\"elementor-widget-container\">\n\t\t\t\t\t\t\t\t\t<div class=\"et_pb_column et_pb_column_2_3 et_pb_column_1_tb_body et_pb_css_mix_blend_mode_passthrough\"><div class=\"et_pb_module et_pb_post_content et_pb_post_content_0_tb_body\"><div class=\"et-l et-l--post\"><div class=\"et_builder_inner_content et_pb_gutters3\"><div class=\"et_pb_section et_pb_section_0 et_section_regular\"><div class=\"et_pb_row et_pb_row_0 et_had_animation\"><div class=\"et_pb_column et_pb_column_4_4 et_pb_column_0 et_pb_css_mix_blend_mode_passthrough et-last-child\"><div class=\"et_pb_module et_pb_text et_pb_text_0 et_pb_text_align_left et_pb_bg_layout_light\"><div class=\"et_pb_text_inner\"><p><strong>Este formulario no garantiza una cita, la cl\u00ednica se comunicar\u00e1 con usted el siguiente d\u00eda h\u00e1bil para responder algunas preguntas y confirmar que el espacio est\u00e1 disponible. Tenga en cuenta: La correspondencia que env\u00eda en este formulario no es segura. Por favor no env\u00ede informaci\u00f3n confidencial en el cuadro de mensaje de este formulario.<\/strong><\/p><\/div><\/div><\/div><\/div><\/div><\/div><\/div><\/div><\/div>\t\t\t\t\t\t\t\t<\/div>\n\t\t\t\t<\/div>\n\t\t\t\t\t<\/div>\n\t\t<\/div>\n\t\t\t\t\t<\/div>\n\t\t<\/section>\n\t\t\t\t<\/div>","protected":false},"excerpt":{"rendered":"<p>What is well woman care? A Well Woman Exam is a routine check focused on you and your sexual health and wellness. A Well Woman Exam includes a pelvic and breast exam administered by a licensed medical professional.\u00a0 What&#8217;s included? What it is: Cervical cancer screening includes a PAP test, which checks for abnormal cervical [&hellip;]<\/p>\n","protected":false},"author":18,"featured_media":0,"parent":0,"menu_order":0,"comment_status":"closed","ping_status":"closed","template":"elementor_header_footer","meta":{"_acf_changed":false,"footnotes":""},"class_list":["post-2881","page","type-page","status-publish","hentry"],"acf":[],"yoast_head":"<!-- This site is optimized with the Yoast SEO plugin v27.3 - https:\/\/yoast.com\/product\/yoast-seo-wordpress\/ -->\n<title>Well Woman Care | Anchor of Hope | Serving Sheboygan &amp; Plymouth WI<\/title>\n<meta name=\"description\" content=\"Schedule a Well Woman Exam at Anchor of Hope for a pelvic and breast exam, cervical cancer screening, and sexual health checkup by licensed professionals.\" \/>\n<meta name=\"robots\" content=\"index, follow, max-snippet:-1, max-image-preview:large, max-video-preview:-1\" \/>\n<link rel=\"canonical\" href=\"http:\/\/anchorofhopewi.clmstaging.com\/well-woman-care\/\" \/>\n<meta property=\"og:locale\" content=\"es_MX\" \/>\n<meta property=\"og:type\" content=\"article\" \/>\n<meta property=\"og:title\" content=\"Well Woman Care | Anchor of Hope | Serving Sheboygan &amp; Plymouth WI\" \/>\n<meta property=\"og:description\" content=\"Schedule a Well Woman Exam at Anchor of Hope for a pelvic and breast exam, cervical cancer screening, and sexual health checkup by licensed professionals.\" \/>\n<meta property=\"og:url\" content=\"http:\/\/anchorofhopewi.clmstaging.com\/well-woman-care\/\" \/>\n<meta property=\"og:site_name\" content=\"Anchor of Hope\" \/>\n<meta property=\"article:modified_time\" content=\"2025-10-16T15:19:06+00:00\" \/>\n<meta name=\"twitter:card\" content=\"summary_large_image\" \/>\n<meta name=\"twitter:label1\" content=\"Tiempo de lectura\" \/>\n\t<meta name=\"twitter:data1\" content=\"2 minutos\" \/>\n<!-- \/ Yoast SEO plugin. -->","yoast_head_json":{"title":"Well Woman Care | Anchor of Hope | Serving Sheboygan & Plymouth WI","description":"Schedule a Well Woman Exam at Anchor of Hope for a pelvic and breast exam, cervical cancer screening, and sexual health checkup by licensed professionals.","robots":{"index":"index","follow":"follow","max-snippet":"max-snippet:-1","max-image-preview":"max-image-preview:large","max-video-preview":"max-video-preview:-1"},"canonical":"http:\/\/anchorofhopewi.clmstaging.com\/well-woman-care\/","og_locale":"es_MX","og_type":"article","og_title":"Well Woman Care | Anchor of Hope | Serving Sheboygan & Plymouth WI","og_description":"Schedule a Well Woman Exam at Anchor of Hope for a pelvic and breast exam, cervical cancer screening, and sexual health checkup by licensed professionals.","og_url":"http:\/\/anchorofhopewi.clmstaging.com\/well-woman-care\/","og_site_name":"Anchor of Hope","article_modified_time":"2025-10-16T15:19:06+00:00","twitter_card":"summary_large_image","twitter_misc":{"Tiempo de lectura":"2 minutos"},"schema":{"@context":"https:\/\/schema.org","@graph":[{"@type":"WebPage","@id":"http:\/\/anchorofhopewi.clmstaging.com\/well-woman-care\/","url":"http:\/\/anchorofhopewi.clmstaging.com\/well-woman-care\/","name":"Well Woman Care | Anchor of Hope | Serving Sheboygan & Plymouth WI","isPartOf":{"@id":"http:\/\/anchorofhopewi.clmstaging.com\/#website"},"datePublished":"2022-11-28T21:25:06+00:00","dateModified":"2025-10-16T15:19:06+00:00","description":"Schedule a Well Woman Exam at Anchor of Hope for a pelvic and breast exam, cervical cancer screening, and sexual health checkup by licensed professionals.","breadcrumb":{"@id":"http:\/\/anchorofhopewi.clmstaging.com\/well-woman-care\/#breadcrumb"},"inLanguage":"es","potentialAction":[{"@type":"ReadAction","target":["http:\/\/anchorofhopewi.clmstaging.com\/well-woman-care\/"]}]},{"@type":"BreadcrumbList","@id":"http:\/\/anchorofhopewi.clmstaging.com\/well-woman-care\/#breadcrumb","itemListElement":[{"@type":"ListItem","position":1,"name":"Home","item":"https:\/\/anchorofhopewi.org\/"},{"@type":"ListItem","position":2,"name":"Well Woman Care"}]},{"@type":"WebSite","@id":"http:\/\/anchorofhopewi.clmstaging.com\/#website","url":"http:\/\/anchorofhopewi.clmstaging.com\/","name":"Ancla de esperanza","description":"Centro de salud para mujeres Sheboygan - (920) 452-4673","publisher":{"@id":"http:\/\/anchorofhopewi.clmstaging.com\/#organization"},"potentialAction":[{"@type":"SearchAction","target":{"@type":"EntryPoint","urlTemplate":"http:\/\/anchorofhopewi.clmstaging.com\/?s={search_term_string}"},"query-input":{"@type":"PropertyValueSpecification","valueRequired":true,"valueName":"search_term_string"}}],"inLanguage":"es"},{"@type":"Organization","@id":"http:\/\/anchorofhopewi.clmstaging.com\/#organization","name":"Ancla de esperanza","url":"http:\/\/anchorofhopewi.clmstaging.com\/","logo":{"@type":"ImageObject","inLanguage":"es","@id":"http:\/\/anchorofhopewi.clmstaging.com\/#\/schema\/logo\/image\/","url":"https:\/\/anchorofhopewi.org\/wp-content\/uploads\/2021\/09\/logo-color.png","contentUrl":"https:\/\/anchorofhopewi.org\/wp-content\/uploads\/2021\/09\/logo-color.png","width":729,"height":115,"caption":"Anchor of Hope"},"image":{"@id":"http:\/\/anchorofhopewi.clmstaging.com\/#\/schema\/logo\/image\/"}}]}},"_links":{"self":[{"href":"https:\/\/anchorofhopewi.org\/es\/wp-json\/wp\/v2\/pages\/2881","targetHints":{"allow":["GET"]}}],"collection":[{"href":"https:\/\/anchorofhopewi.org\/es\/wp-json\/wp\/v2\/pages"}],"about":[{"href":"https:\/\/anchorofhopewi.org\/es\/wp-json\/wp\/v2\/types\/page"}],"author":[{"embeddable":true,"href":"https:\/\/anchorofhopewi.org\/es\/wp-json\/wp\/v2\/users\/18"}],"replies":[{"embeddable":true,"href":"https:\/\/anchorofhopewi.org\/es\/wp-json\/wp\/v2\/comments?post=2881"}],"version-history":[{"count":0,"href":"https:\/\/anchorofhopewi.org\/es\/wp-json\/wp\/v2\/pages\/2881\/revisions"}],"wp:attachment":[{"href":"https:\/\/anchorofhopewi.org\/es\/wp-json\/wp\/v2\/media?parent=2881"}],"curies":[{"name":"gracias","href":"https:\/\/api.w.org\/{rel}","templated":true}]}}