{"id":3006,"date":"2023-05-23T07:55:51","date_gmt":"2023-05-23T13:55:51","guid":{"rendered":"https:\/\/anchorofhopewi.org\/?page_id=3006"},"modified":"2025-10-16T13:10:36","modified_gmt":"2025-10-16T19:10:36","slug":"sheboygan-milwaukee-anchor-of-hope-or-planned-parenthood","status":"publish","type":"page","link":"https:\/\/anchorofhopewi.org\/es\/sheboygan-milwaukee-anchor-of-hope-or-planned-parenthood\/","title":{"rendered":"\u00bfPOR QU\u00c9 ELEGIR EL ANCLA DE LA ESPERANZA EN LUGAR DE LA PATERNIDAD PLANIFICADA?"},"content":{"rendered":"<div data-elementor-type=\"wp-page\" data-elementor-id=\"3006\" class=\"elementor elementor-3006\" data-elementor-post-type=\"page\">\n\t\t\t\t\t\t<section class=\"elementor-section elementor-top-section elementor-element elementor-element-1e7d6759 elementor-section-height-min-height elementor-section-boxed elementor-section-height-default elementor-section-items-middle\" data-id=\"1e7d6759\" data-element_type=\"section\" data-e-type=\"section\" data-settings=\"{&quot;background_background&quot;:&quot;classic&quot;,&quot;shape_divider_bottom&quot;:&quot;mountains&quot;}\">\n\t\t\t\t\t<div class=\"elementor-shape elementor-shape-bottom\" aria-hidden=\"true\" data-negative=\"false\">\n\t\t\t<svg xmlns=\"http:\/\/www.w3.org\/2000\/svg\" viewbox=\"0 0 1000 100\" preserveaspectratio=\"none\">\n\t<path class=\"elementor-shape-fill\" opacity=\"0.33\" d=\"M473,67.3c-203.9,88.3-263.1-34-320.3,0C66,119.1,0,59.7,0,59.7V0h1000v59.7 c0,0-62.1,26.1-94.9,29.3c-32.8,3.3-62.8-12.3-75.8-22.1C806,49.6,745.3,8.7,694.9,4.7S492.4,59,473,67.3z\"\/>\n\t<path class=\"elementor-shape-fill\" opacity=\"0.66\" d=\"M734,67.3c-45.5,0-77.2-23.2-129.1-39.1c-28.6-8.7-150.3-10.1-254,39.1 s-91.7-34.4-149.2,0C115.7,118.3,0,39.8,0,39.8V0h1000v36.5c0,0-28.2-18.5-92.1-18.5C810.2,18.1,775.7,67.3,734,67.3z\"\/>\n\t<path class=\"elementor-shape-fill\" d=\"M766.1,28.9c-200-57.5-266,65.5-395.1,19.5C242,1.8,242,5.4,184.8,20.6C128,35.8,132.3,44.9,89.9,52.5C28.6,63.7,0,0,0,0 h1000c0,0-9.9,40.9-83.6,48.1S829.6,47,766.1,28.9z\"\/>\n<\/svg>\t\t<\/div>\n\t\t\t\t\t<div class=\"elementor-container elementor-column-gap-default\">\n\t\t\t\t\t<div class=\"elementor-column elementor-col-100 elementor-top-column elementor-element elementor-element-6ca1357c\" data-id=\"6ca1357c\" data-element_type=\"column\" data-e-type=\"column\">\n\t\t\t<div class=\"elementor-widget-wrap elementor-element-populated\">\n\t\t\t\t\t\t\t<\/div>\n\t\t<\/div>\n\t\t\t\t\t<\/div>\n\t\t<\/section>\n\t\t\t\t<section class=\"elementor-section elementor-top-section elementor-element elementor-element-13286599 elementor-section-boxed elementor-section-height-default elementor-section-height-default\" data-id=\"13286599\" data-element_type=\"section\" data-e-type=\"section\">\n\t\t\t\t\t\t<div class=\"elementor-container elementor-column-gap-default\">\n\t\t\t\t\t<div class=\"elementor-column elementor-col-100 elementor-top-column elementor-element elementor-element-4687aebf\" data-id=\"4687aebf\" data-element_type=\"column\" data-e-type=\"column\">\n\t\t\t<div class=\"elementor-widget-wrap elementor-element-populated\">\n\t\t\t\t\t\t<div class=\"elementor-element elementor-element-409810c9 elementor-widget elementor-widget-text-editor\" data-id=\"409810c9\" data-element_type=\"widget\" data-e-type=\"widget\" data-widget_type=\"text-editor.default\">\n\t\t\t\t<div class=\"elementor-widget-container\">\n\t\t\t\t\t\t\t\t\t<h4>Anchor of Hope brinda consultas sobre el embarazo y servicios m\u00e9dicos en <strong>GRATIS<\/strong> A usted.<\/h4><p>Toda persona que enfrenta un embarazo no planeado necesita una consulta m\u00e9dica para responder estas preguntas antes de poder tomar una decisi\u00f3n final sobre el embarazo:<\/p><p><strong>1. \u00bfEstoy realmente embarazada?<\/strong> Seg\u00fan la Asociaci\u00f3n Estadounidense del Embarazo, entre 10 y 25% de los embarazos conocidos no son viables y terminan naturalmente en un aborto espont\u00e1neo, generalmente dentro de las primeras 13 semanas. (Asociaci\u00f3n Estadounidense del Embarazo. (2019). Aborto espont\u00e1neo. Obtenido de <a href=\"https:\/\/americanpregnancy.org\/getting-pregnant\/pregnancy-loss\/signs-of-miscarriage\/\" data-wpel-link=\"external\" rel=\"external noopener noreferrer\">https:\/\/americanpregnancy.org\/pregnancy-complications\/miscarriage\/<\/a>)<\/p><p><strong>2. \u00bfQu\u00e9 tan avanzado estoy?<\/strong> La edad gestacional determina el costo y el tipo de <strong><a href=\"http:\/\/anchorofhopewi.org\/es\/your-options\/abortion\/\" data-wpel-link=\"external\" rel=\"external noopener noreferrer\">aborto<\/a> <\/strong>podr\u00edas ser elegible.<\/p><p><strong>3. \u00bfEs este un embarazo intrauterino?<\/strong> Una ecograf\u00eda es importante para confirmar que el embarazo se encuentra dentro del \u00fatero. Un embarazo fuera del \u00fatero se llama embarazo ect\u00f3pico y pone en peligro la vida. Esto requerir\u00eda atenci\u00f3n m\u00e9dica inmediata. <strong>En enero de 2023, el <a href=\"https:\/\/www.fda.gov\/drugs\/postmarket-drug-safety-information-patients-and-providers\/information-about-mifepristone-medical-termination-pregnancy-through-ten-weeks-gestation\" data-wpel-link=\"external\" rel=\"external noopener noreferrer\">La FDA modific\u00f3 el uso de mifepristona<\/a> exigir \u00fanicamente que sea recetado por un proveedor de atenci\u00f3n m\u00e9dica.\u00a0<\/strong><\/p><p>Anchor of Hope podr\u00e1 determinar si su embarazo es viable (tiene latidos card\u00edacos), decirle con precisi\u00f3n qu\u00e9 tan avanzado est\u00e1 y confirmar un embarazo intrauterino con un <strong><a href=\"http:\/\/anchorofhopewi.org\/es\/services\/ultrasounds\/\" data-wpel-link=\"external\" rel=\"external noopener noreferrer\">ultrasonido<\/a> <\/strong>sin costo alguno para usted.<\/p>\t\t\t\t\t\t\t\t<\/div>\n\t\t\t\t<\/div>\n\t\t\t\t<div class=\"elementor-element elementor-element-5b7a07ba elementor-widget elementor-widget-text-editor\" data-id=\"5b7a07ba\" data-element_type=\"widget\" data-e-type=\"widget\" data-widget_type=\"text-editor.default\">\n\t\t\t\t<div class=\"elementor-widget-container\">\n\t\t\t\t\t\t\t\t\t<div><article><div><div><div><div><div><div><div><div><p>Ancla de esperanza\u00a0<strong>ES OBJETIVO<\/strong> y <strong>\u00a1NO TE JUZGAR\u00c9!<\/strong><\/p><p>Somos una organizaci\u00f3n sin fines de lucro y no dependemos de los fondos generados por el seguro m\u00e9dico del paciente para brindar servicios. Debido a esto, podemos brindar informaci\u00f3n verdaderamente imparcial y atenci\u00f3n y apoyo personalizados y compasivos. Existimos para ayudarle a tomar una decisi\u00f3n informada basada en datos sobre el embarazo, la paternidad, el aborto y la adopci\u00f3n. Las decisiones sobre el embarazo son demasiado importantes como para dejar tu experiencia en una conversaci\u00f3n cl\u00ednica apresurada y en una sala de espera donde te sientes como un n\u00famero.<\/p><p>Ancla de la esperanza <strong>Involucrarlo, equiparlo y empoderarlo, no presionarlo.<\/strong><\/p><p>En Anchor of Hope, creemos en educar a cada paciente. Nuestro objetivo es dotar a cada uno de nuestros pacientes de suficiente conocimiento sobre sus opciones para que puedan tomar una decisi\u00f3n totalmente informada que sea adecuada para ellos.<\/p><p>Un reciente <strong><a href=\"https:\/\/www.jpands.org\/vol22no4\/coleman.pdf\" data-wpel-link=\"external\" rel=\"external noopener noreferrer\">estudiar<\/a> <\/strong>inform\u00f3 que casi 74% de mujeres estadounidenses que abortaron dijeron que sent\u00edan al menos cierta presi\u00f3n para abortar. En Anchor of Hope, nos dedicamos a educar a nuestros pacientes en un ambiente neutral, sin presiones y sin juicios para que usted pueda sentirse seguro al hacer preguntas y recopilar la informaci\u00f3n que necesita para seguir adelante y tomar una decisi\u00f3n. Informamos. <strong>T\u00da<\/strong> decidir.<\/p><p>Los proveedores de servicios de aborto cobran por sus servicios y solo se benefician de una de sus opciones de embarazo. Dado que Anchor of Hope no realiza ni deriva abortos, y todos nuestros servicios se brindan <strong>sin costo alguno para ti <\/strong>\u2013 no nos beneficiamos de su decisi\u00f3n.<\/p><p>En Anchor of Hope, nuestro prop\u00f3sito es su salud y bienestar. Nuestro enfoque est\u00e1 en USTED.<\/p><\/div><\/div><\/div><\/div><\/div><\/div><\/div><\/div><\/article><\/div>\t\t\t\t\t\t\t\t<\/div>\n\t\t\t\t<\/div>\n\t\t\t\t\t<\/div>\n\t\t<\/div>\n\t\t\t\t\t<\/div>\n\t\t<\/section>\n\t\t\t\t<section class=\"elementor-section elementor-top-section elementor-element elementor-element-eafb50c elementor-section-boxed elementor-section-height-default elementor-section-height-default\" data-id=\"eafb50c\" data-element_type=\"section\" data-e-type=\"section\">\n\t\t\t\t\t\t<div class=\"elementor-container elementor-column-gap-default\">\n\t\t\t\t\t<div class=\"elementor-column elementor-col-100 elementor-top-column elementor-element elementor-element-55d23de\" data-id=\"55d23de\" data-element_type=\"column\" data-e-type=\"column\">\n\t\t\t<div class=\"elementor-widget-wrap elementor-element-populated\">\n\t\t\t\t\t\t<div class=\"elementor-element elementor-element-beefa40 elementor-flip-box--effect-flip elementor-flip-box--direction-up elementor-widget elementor-widget-flip-box\" data-id=\"beefa40\" data-element_type=\"widget\" data-e-type=\"widget\" data-widget_type=\"flip-box.default\">\n\t\t\t\t<div class=\"elementor-widget-container\">\n\t\t\t\t\t\t\t<div class=\"elementor-flip-box\" tabindex=\"0\">\n\t\t\t<div class=\"elementor-flip-box__layer elementor-flip-box__front\">\n\t\t\t\t<div class=\"elementor-flip-box__layer__overlay\">\n\t\t\t\t\t<div class=\"elementor-flip-box__layer__inner\">\n\t\t\t\t\t\t\n\t\t\t\t\t\t\t\t\t\t\t\t\t<h3 class=\"elementor-flip-box__layer__title\">\n\t\t\t\t\t\t\t\tSobre Sheboygan\t\t\t\t\t\t\t<\/h3>\n\t\t\t\t\t\t\n\t\t\t\t\t\t\t\t\t\t\t<\/div>\n\t\t\t\t<\/div>\n\t\t\t<\/div>\n\t\t\t<a class=\"elementor-flip-box__layer elementor-flip-box__back\" href=\"https:\/\/en.wikipedia.org\/wiki\/Sheboygan,_Wisconsin\" data-wpel-link=\"external\" rel=\"external noopener noreferrer\">\n\t\t\t<div class=\"elementor-flip-box__layer__overlay\">\n\t\t\t\t<div class=\"elementor-flip-box__layer__inner\">\n\t\t\t\t\t\n\t\t\t\t\t\t\t\t\t\t\t<div class=\"elementor-flip-box__layer__description\">\n\t\t\t\t\t\t\tAncla de la esperanza o Planned Parenthood <br> 53081, 53083, 53073, 53085, 53070, 53044, 53093, 53001, 53031, 53026, 53082. <br><br>Sheboygan es una ciudad y la sede del condado de Sheboygan, Wisconsin, Estados Unidos. La poblaci\u00f3n era 49.929 en el censo de 2020. Es la ciudad principal del \u00e1rea estad\u00edstica metropolitana de Sheboygan, Wisconsin, que tiene una poblaci\u00f3n de 118.034. La ciudad est\u00e1 ubicada en la costa occidental del lago Michigan en la desembocadura del r\u00edo Sheboygan, a unas 50 millas (80 kil\u00f3metros) al norte de Milwaukee y 64 millas (103 km) al sur de Green Bay.\n<br>\n<br>Haz click para aprender mas\t\t\t\t\t\t<\/div>\n\t\t\t\t\t\n\t\t\t\t\t\t\t\t<\/div>\n\t\t<\/div>\n\t\t<\/a>\n\t\t<\/div>\n\t\t\t\t\t\t<\/div>\n\t\t\t\t<\/div>\n\t\t\t\t<div class=\"elementor-element elementor-element-6526bb1 elementor-widget elementor-widget-spacer\" data-id=\"6526bb1\" data-element_type=\"widget\" data-e-type=\"widget\" data-widget_type=\"spacer.default\">\n\t\t\t\t<div class=\"elementor-widget-container\">\n\t\t\t\t\t\t\t<div class=\"elementor-spacer\">\n\t\t\t<div class=\"elementor-spacer-inner\"><\/div>\n\t\t<\/div>\n\t\t\t\t\t\t<\/div>\n\t\t\t\t<\/div>\n\t\t\t\t\t<\/div>\n\t\t<\/div>\n\t\t\t\t\t<\/div>\n\t\t<\/section>\n\t\t\t\t<section class=\"elementor-section elementor-top-section elementor-element elementor-element-96e4dcb elementor-section-boxed elementor-section-height-default elementor-section-height-default\" data-id=\"96e4dcb\" data-element_type=\"section\" data-e-type=\"section\" data-settings=\"{&quot;background_background&quot;:&quot;gradient&quot;}\">\n\t\t\t\t\t\t<div class=\"elementor-container elementor-column-gap-default\">\n\t\t\t\t\t<div class=\"elementor-column elementor-col-100 elementor-top-column elementor-element elementor-element-f83fcb6\" data-id=\"f83fcb6\" data-element_type=\"column\" data-e-type=\"column\">\n\t\t\t<div class=\"elementor-widget-wrap elementor-element-populated\">\n\t\t\t\t\t\t<div class=\"elementor-element elementor-element-c6e963f elementor-widget elementor-widget-heading\" data-id=\"c6e963f\" data-element_type=\"widget\" data-e-type=\"widget\" data-widget_type=\"heading.default\">\n\t\t\t\t<div class=\"elementor-widget-container\">\n\t\t\t\t\t<h1 class=\"elementor-heading-title elementor-size-default\">REUNIRSE CON UNA ENFERMERA<\/h1>\t\t\t\t<\/div>\n\t\t\t\t<\/div>\n\t\t\t\t<div class=\"elementor-element elementor-element-b2f5af7 elementor-align-center elementor-widget elementor-widget-button\" data-id=\"b2f5af7\" data-element_type=\"widget\" data-e-type=\"widget\" data-widget_type=\"button.default\">\n\t\t\t\t<div class=\"elementor-widget-container\">\n\t\t\t\t\t\t\t\t\t<div class=\"elementor-button-wrapper\">\n\t\t\t\t\t<a class=\"elementor-button elementor-button-link elementor-size-xl\" href=\"http:\/\/anchorofhopewi.org\/es\/contact-us\/\" data-wpel-link=\"external\" rel=\"external noopener noreferrer\">\n\t\t\t\t\t\t<span class=\"elementor-button-content-wrapper\">\n\t\t\t\t\t\t\t\t\t<span class=\"elementor-button-text\">PROGRAMAR AHORA<\/span>\n\t\t\t\t\t<\/span>\n\t\t\t\t\t<\/a>\n\t\t\t\t<\/div>\n\t\t\t\t\t\t\t\t<\/div>\n\t\t\t\t<\/div>\n\t\t\t\t\t<\/div>\n\t\t<\/div>\n\t\t\t\t\t<\/div>\n\t\t<\/section>\n\t\t\t\t<\/div>","protected":false},"excerpt":{"rendered":"<p>Anchor of Hope Provides Pregnancy Consultations &amp; Medical Services at NO COST to you. Every person facing an unplanned pregnancy needs a medical consultation to answer these questions before a final pregnancy decision can be made: 1. Am I really pregnant? According to the American Pregnancy Association, between 10-25% of known pregnancies are not viable [&hellip;]<\/p>\n","protected":false},"author":18,"featured_media":0,"parent":0,"menu_order":0,"comment_status":"closed","ping_status":"closed","template":"elementor_header_footer","meta":{"_acf_changed":false,"footnotes":""},"class_list":["post-3006","page","type-page","status-publish","hentry"],"acf":[],"yoast_head":"<!-- This site is optimized with the Yoast SEO plugin v27.3 - https:\/\/yoast.com\/product\/yoast-seo-wordpress\/ -->\n<title>Sheboygan Anchor of Hope Instead of Planned Parenthood<\/title>\n<meta name=\"description\" content=\"Anchor of Hope ofrece consultas de embarazo y servicios m\u00e9dicos GRATIS. Obt\u00e9n informaci\u00f3n imparcial y atenci\u00f3n personalizada sin presiones ni juicios.\" \/>\n<meta name=\"robots\" content=\"index, follow, max-snippet:-1, max-image-preview:large, max-video-preview:-1\" \/>\n<link rel=\"canonical\" href=\"http:\/\/anchorofhopewi.clmstaging.com\/sheboygan-milwaukee-anchor-of-hope-or-planned-parenthood\/\" \/>\n<meta property=\"og:locale\" content=\"es_MX\" \/>\n<meta property=\"og:type\" content=\"article\" \/>\n<meta property=\"og:title\" content=\"Sheboygan Anchor of Hope Instead of Planned Parenthood\" \/>\n<meta property=\"og:description\" content=\"Anchor of Hope ofrece consultas de embarazo y servicios m\u00e9dicos GRATIS. Obt\u00e9n informaci\u00f3n imparcial y atenci\u00f3n personalizada sin presiones ni juicios.\" \/>\n<meta property=\"og:url\" content=\"http:\/\/anchorofhopewi.clmstaging.com\/sheboygan-milwaukee-anchor-of-hope-or-planned-parenthood\/\" \/>\n<meta property=\"og:site_name\" content=\"Anchor of Hope\" \/>\n<meta property=\"article:modified_time\" content=\"2025-10-16T19:10:36+00:00\" \/>\n<meta name=\"twitter:card\" content=\"summary_large_image\" \/>\n<meta name=\"twitter:label1\" content=\"Tiempo de lectura\" \/>\n\t<meta name=\"twitter:data1\" content=\"3 minutos\" \/>\n<!-- \/ Yoast SEO plugin. -->","yoast_head_json":{"title":"Ancla de esperanza de Sheboygan en lugar de Planned Parenthood","description":"Anchor of Hope ofrece consultas de embarazo y servicios m\u00e9dicos GRATIS. Obtenga informaci\u00f3n imparcial y atenci\u00f3n personalizada sin presiones ni juicios.","robots":{"index":"index","follow":"follow","max-snippet":"max-snippet:-1","max-image-preview":"max-image-preview:large","max-video-preview":"max-video-preview:-1"},"canonical":"http:\/\/anchorofhopewi.clmstaging.com\/sheboygan-milwaukee-anchor-of-hope-or-planned-parenthood\/","og_locale":"es_MX","og_type":"article","og_title":"Sheboygan Anchor of Hope Instead of Planned Parenthood","og_description":"Anchor of Hope ofrece consultas de embarazo y servicios m\u00e9dicos GRATIS. Obt\u00e9n informaci\u00f3n imparcial y atenci\u00f3n personalizada sin presiones ni juicios.","og_url":"http:\/\/anchorofhopewi.clmstaging.com\/sheboygan-milwaukee-anchor-of-hope-or-planned-parenthood\/","og_site_name":"Anchor of Hope","article_modified_time":"2025-10-16T19:10:36+00:00","twitter_card":"summary_large_image","twitter_misc":{"Tiempo de lectura":"3 minutos"},"schema":{"@context":"https:\/\/schema.org","@graph":[{"@type":"WebPage","@id":"http:\/\/anchorofhopewi.clmstaging.com\/sheboygan-milwaukee-anchor-of-hope-or-planned-parenthood\/","url":"http:\/\/anchorofhopewi.clmstaging.com\/sheboygan-milwaukee-anchor-of-hope-or-planned-parenthood\/","name":"Ancla de esperanza de Sheboygan en lugar de Planned Parenthood","isPartOf":{"@id":"http:\/\/anchorofhopewi.clmstaging.com\/#website"},"datePublished":"2023-05-23T13:55:51+00:00","dateModified":"2025-10-16T19:10:36+00:00","description":"Anchor of Hope ofrece consultas de embarazo y servicios m\u00e9dicos GRATIS. Obtenga informaci\u00f3n imparcial y atenci\u00f3n personalizada sin presiones ni juicios.","breadcrumb":{"@id":"http:\/\/anchorofhopewi.clmstaging.com\/sheboygan-milwaukee-anchor-of-hope-or-planned-parenthood\/#breadcrumb"},"inLanguage":"es","potentialAction":[{"@type":"ReadAction","target":["http:\/\/anchorofhopewi.clmstaging.com\/sheboygan-milwaukee-anchor-of-hope-or-planned-parenthood\/"]}]},{"@type":"BreadcrumbList","@id":"http:\/\/anchorofhopewi.clmstaging.com\/sheboygan-milwaukee-anchor-of-hope-or-planned-parenthood\/#breadcrumb","itemListElement":[{"@type":"ListItem","position":1,"name":"Home","item":"https:\/\/anchorofhopewi.org\/"},{"@type":"ListItem","position":2,"name":"WHY CHOOSE ANCHOR OF HOPE INSTEAD\u00a0OF PLANNED PARENTHOOD"}]},{"@type":"WebSite","@id":"http:\/\/anchorofhopewi.clmstaging.com\/#website","url":"http:\/\/anchorofhopewi.clmstaging.com\/","name":"Ancla de esperanza","description":"Centro de salud para mujeres Sheboygan - (920) 452-4673","publisher":{"@id":"http:\/\/anchorofhopewi.clmstaging.com\/#organization"},"potentialAction":[{"@type":"SearchAction","target":{"@type":"EntryPoint","urlTemplate":"http:\/\/anchorofhopewi.clmstaging.com\/?s={search_term_string}"},"query-input":{"@type":"PropertyValueSpecification","valueRequired":true,"valueName":"search_term_string"}}],"inLanguage":"es"},{"@type":"Organization","@id":"http:\/\/anchorofhopewi.clmstaging.com\/#organization","name":"Ancla de esperanza","url":"http:\/\/anchorofhopewi.clmstaging.com\/","logo":{"@type":"ImageObject","inLanguage":"es","@id":"http:\/\/anchorofhopewi.clmstaging.com\/#\/schema\/logo\/image\/","url":"https:\/\/anchorofhopewi.org\/wp-content\/uploads\/2021\/09\/logo-color.png","contentUrl":"https:\/\/anchorofhopewi.org\/wp-content\/uploads\/2021\/09\/logo-color.png","width":729,"height":115,"caption":"Anchor of Hope"},"image":{"@id":"http:\/\/anchorofhopewi.clmstaging.com\/#\/schema\/logo\/image\/"}}]}},"_links":{"self":[{"href":"https:\/\/anchorofhopewi.org\/es\/wp-json\/wp\/v2\/pages\/3006","targetHints":{"allow":["GET"]}}],"collection":[{"href":"https:\/\/anchorofhopewi.org\/es\/wp-json\/wp\/v2\/pages"}],"about":[{"href":"https:\/\/anchorofhopewi.org\/es\/wp-json\/wp\/v2\/types\/page"}],"author":[{"embeddable":true,"href":"https:\/\/anchorofhopewi.org\/es\/wp-json\/wp\/v2\/users\/18"}],"replies":[{"embeddable":true,"href":"https:\/\/anchorofhopewi.org\/es\/wp-json\/wp\/v2\/comments?post=3006"}],"version-history":[{"count":0,"href":"https:\/\/anchorofhopewi.org\/es\/wp-json\/wp\/v2\/pages\/3006\/revisions"}],"wp:attachment":[{"href":"https:\/\/anchorofhopewi.org\/es\/wp-json\/wp\/v2\/media?parent=3006"}],"curies":[{"name":"gracias","href":"https:\/\/api.w.org\/{rel}","templated":true}]}}