{"id":3073,"date":"2023-08-29T21:04:11","date_gmt":"2023-08-30T03:04:11","guid":{"rendered":"https:\/\/anchorofhopewi.org\/?page_id=3073"},"modified":"2025-10-16T13:08:54","modified_gmt":"2025-10-16T19:08:54","slug":"for-minors","status":"publish","type":"page","link":"https:\/\/anchorofhopewi.org\/es\/for-minors\/","title":{"rendered":"Para minor\u00edas"},"content":{"rendered":"<div data-elementor-type=\"wp-page\" data-elementor-id=\"3073\" class=\"elementor elementor-3073\" data-elementor-post-type=\"page\">\n\t\t\t\t\t\t<section class=\"elementor-section elementor-top-section elementor-element elementor-element-fba6cbf elementor-section-full_width elementor-section-height-min-height elementor-section-height-default elementor-section-items-middle\" data-id=\"fba6cbf\" data-element_type=\"section\" data-e-type=\"section\" data-settings=\"{&quot;background_background&quot;:&quot;classic&quot;}\">\n\t\t\t\t\t\t<div class=\"elementor-container elementor-column-gap-default\">\n\t\t\t\t\t<div class=\"elementor-column elementor-col-100 elementor-top-column elementor-element elementor-element-15ba190\" data-id=\"15ba190\" data-element_type=\"column\" data-e-type=\"column\">\n\t\t\t<div class=\"elementor-widget-wrap elementor-element-populated\">\n\t\t\t\t\t\t\t<\/div>\n\t\t<\/div>\n\t\t\t\t\t<\/div>\n\t\t<\/section>\n\t\t\t\t<section class=\"elementor-section elementor-top-section elementor-element elementor-element-45010043 elementor-section-boxed elementor-section-height-default elementor-section-height-default\" data-id=\"45010043\" data-element_type=\"section\" data-e-type=\"section\">\n\t\t\t\t\t\t<div class=\"elementor-container elementor-column-gap-default\">\n\t\t\t\t\t<div class=\"elementor-column elementor-col-100 elementor-top-column elementor-element elementor-element-585764e5\" data-id=\"585764e5\" data-element_type=\"column\" data-e-type=\"column\">\n\t\t\t<div class=\"elementor-widget-wrap elementor-element-populated\">\n\t\t\t\t\t\t<div class=\"elementor-element elementor-element-1d44ed5b elementor-widget elementor-widget-heading\" data-id=\"1d44ed5b\" data-element_type=\"widget\" data-e-type=\"widget\" data-widget_type=\"heading.default\">\n\t\t\t\t<div class=\"elementor-widget-container\">\n\t\t\t\t\t<h4 class=\"elementor-heading-title elementor-size-default\">Servicios confidenciales de salud sexual Est\u00e1n disponibles sin costo para usted sin el consentimiento de los padres.<\/h4>\t\t\t\t<\/div>\n\t\t\t\t<\/div>\n\t\t\t\t<div class=\"elementor-element elementor-element-7838ddc1 elementor-widget elementor-widget-text-editor\" data-id=\"7838ddc1\" data-element_type=\"widget\" data-e-type=\"widget\" data-widget_type=\"text-editor.default\">\n\t\t\t\t<div class=\"elementor-widget-container\">\n\t\t\t\t\t\t\t\t\t<h5><b>\u00bfTienes preguntas o inquietudes sobre tu salud sexual?<\/b><\/h5><p><span style=\"font-weight: 400;\">Los profesionales m\u00e9dicos autorizados est\u00e1n aqu\u00ed para escuchar sus preguntas e inquietudes sobre todas sus necesidades de atenci\u00f3n de salud sexual, incluido el embarazo, las ETS, las relaciones saludables y m\u00e1s, y brindarle informaci\u00f3n precisa.\u00a0<\/span><\/p>\t\t\t\t\t\t\t\t<\/div>\n\t\t\t\t<\/div>\n\t\t\t\t\t<\/div>\n\t\t<\/div>\n\t\t\t\t\t<\/div>\n\t\t<\/section>\n\t\t\t\t<section class=\"elementor-section elementor-top-section elementor-element elementor-element-6802959 elementor-section-boxed elementor-section-height-default elementor-section-height-default\" data-id=\"6802959\" data-element_type=\"section\" data-e-type=\"section\" data-settings=\"{&quot;background_background&quot;:&quot;classic&quot;}\">\n\t\t\t\t\t\t<div class=\"elementor-container elementor-column-gap-default\">\n\t\t\t\t\t<div class=\"elementor-column elementor-col-100 elementor-top-column elementor-element elementor-element-686038e\" data-id=\"686038e\" data-element_type=\"column\" data-e-type=\"column\">\n\t\t\t<div class=\"elementor-widget-wrap elementor-element-populated\">\n\t\t\t\t\t\t<div class=\"elementor-element elementor-element-d8e06db elementor-widget elementor-widget-heading\" data-id=\"d8e06db\" data-element_type=\"widget\" data-e-type=\"widget\" data-widget_type=\"heading.default\">\n\t\t\t\t<div class=\"elementor-widget-container\">\n\t\t\t\t\t<h4 class=\"elementor-heading-title elementor-size-default\">Programe una cita con un profesional m\u00e9dico hoy.<\/h4>\t\t\t\t<\/div>\n\t\t\t\t<\/div>\n\t\t\t\t\t<\/div>\n\t\t<\/div>\n\t\t\t\t\t<\/div>\n\t\t<\/section>\n\t\t\t\t<section class=\"elementor-section elementor-top-section elementor-element elementor-element-f618376 elementor-section-boxed elementor-section-height-default elementor-section-height-default\" data-id=\"f618376\" data-element_type=\"section\" data-e-type=\"section\">\n\t\t\t\t\t\t<div class=\"elementor-container elementor-column-gap-default\">\n\t\t\t\t\t<div class=\"elementor-column elementor-col-100 elementor-top-column elementor-element elementor-element-841664a\" data-id=\"841664a\" data-element_type=\"column\" data-e-type=\"column\">\n\t\t\t<div class=\"elementor-widget-wrap elementor-element-populated\">\n\t\t\t\t\t\t<div class=\"elementor-element elementor-element-c541dd6 elementor-align-center elementor-widget elementor-widget-button\" data-id=\"c541dd6\" data-element_type=\"widget\" data-e-type=\"widget\" data-widget_type=\"button.default\">\n\t\t\t\t<div class=\"elementor-widget-container\">\n\t\t\t\t\t\t\t\t\t<div class=\"elementor-button-wrapper\">\n\t\t\t\t\t<a class=\"elementor-button elementor-button-link elementor-size-lg\" href=\"http:\/\/anchorofhopewi.org\/es\/appointment-request\/\" data-wpel-link=\"external\" rel=\"external noopener noreferrer\">\n\t\t\t\t\t\t<span class=\"elementor-button-content-wrapper\">\n\t\t\t\t\t\t<span class=\"elementor-button-icon\">\n\t\t\t\t<i aria-hidden=\"true\" class=\"far fa-calendar-alt\"><\/i>\t\t\t<\/span>\n\t\t\t\t\t\t\t\t\t<span class=\"elementor-button-text\">CRONOGRAMA<\/span>\n\t\t\t\t\t<\/span>\n\t\t\t\t\t<\/a>\n\t\t\t\t<\/div>\n\t\t\t\t\t\t\t\t<\/div>\n\t\t\t\t<\/div>\n\t\t\t\t\t<\/div>\n\t\t<\/div>\n\t\t\t\t\t<\/div>\n\t\t<\/section>\n\t\t\t\t<section class=\"elementor-section elementor-top-section elementor-element elementor-element-966a565 elementor-section-boxed elementor-section-height-default elementor-section-height-default\" data-id=\"966a565\" data-element_type=\"section\" data-e-type=\"section\">\n\t\t\t\t\t\t<div class=\"elementor-container elementor-column-gap-default\">\n\t\t\t\t\t<div class=\"elementor-column elementor-col-100 elementor-top-column elementor-element elementor-element-3006a16\" data-id=\"3006a16\" data-element_type=\"column\" data-e-type=\"column\">\n\t\t\t<div class=\"elementor-widget-wrap elementor-element-populated\">\n\t\t\t\t\t\t<div class=\"elementor-element elementor-element-7f5f215 elementor-widget elementor-widget-text-editor\" data-id=\"7f5f215\" data-element_type=\"widget\" data-e-type=\"widget\" data-widget_type=\"text-editor.default\">\n\t\t\t\t<div class=\"elementor-widget-container\">\n\t\t\t\t\t\t\t\t\t<h5><b>\u00bfEs usted una adolescente que cree que puede estar embarazada?<\/b><\/h5><p><span style=\"font-weight: 400;\">Si cree que puede estar embarazada, el primer mejor paso es estar seguro. Nuestros profesionales m\u00e9dicos autorizados est\u00e1n aqu\u00ed con citas confidenciales para pruebas de embarazo sin costo para usted. Si bien su cita es completamente confidencial, le recomendamos que hable con uno de sus padres o un adulto de confianza.\u00a0<\/span><\/p><p>\u00a0<\/p>\t\t\t\t\t\t\t\t<\/div>\n\t\t\t\t<\/div>\n\t\t\t\t<div class=\"elementor-element elementor-element-b912cf0 elementor-widget__width-inherit elementor-flip-box--effect-flip elementor-flip-box--direction-up elementor-widget elementor-widget-flip-box\" data-id=\"b912cf0\" data-element_type=\"widget\" data-e-type=\"widget\" data-widget_type=\"flip-box.default\">\n\t\t\t\t<div class=\"elementor-widget-container\">\n\t\t\t\t\t\t\t<div class=\"elementor-flip-box\" tabindex=\"0\">\n\t\t\t<div class=\"elementor-flip-box__layer elementor-flip-box__front\">\n\t\t\t\t<div class=\"elementor-flip-box__layer__overlay\">\n\t\t\t\t\t<div class=\"elementor-flip-box__layer__inner\">\n\t\t\t\t\t\t\n\t\t\t\t\t\t\t\t\t\t\t\t\t<h3 class=\"elementor-flip-box__layer__title\">\n\t\t\t\t\t\t\t\t\u00bfPuedo llevar a alguien a mi cita?\t\t\t\t\t\t\t<\/h3>\n\t\t\t\t\t\t\n\t\t\t\t\t\t\t\t\t\t\t<\/div>\n\t\t\t\t<\/div>\n\t\t\t<\/div>\n\t\t\t<div class=\"elementor-flip-box__layer elementor-flip-box__back\">\n\t\t\t<div class=\"elementor-flip-box__layer__overlay\">\n\t\t\t\t<div class=\"elementor-flip-box__layer__inner\">\n\t\t\t\t\t\t\t\t\t\t\t<h3 class=\"elementor-flip-box__layer__title\">\n\t\t\t\t\t\t\tSi eliges dec\u00edrselo a tus padres, a un adulto de confianza, a un amigo o a tu pareja antes de venir a Anchor of Hope, debes saber que puedes invitarlos a tu cita. \t\t\t\t\t\t<\/h3>\n\t\t\t\t\t\n\t\t\t\t\t\n\t\t\t\t\t\t\t\t<\/div>\n\t\t<\/div>\n\t\t<\/div>\n\t\t<\/div>\n\t\t\t\t\t\t<\/div>\n\t\t\t\t<\/div>\n\t\t\t\t\t<\/div>\n\t\t<\/div>\n\t\t\t\t\t<\/div>\n\t\t<\/section>\n\t\t\t\t<section class=\"elementor-section elementor-top-section elementor-element elementor-element-3c4b111 elementor-section-boxed elementor-section-height-default elementor-section-height-default\" data-id=\"3c4b111\" data-element_type=\"section\" data-e-type=\"section\" data-settings=\"{&quot;background_background&quot;:&quot;classic&quot;}\">\n\t\t\t\t\t\t<div class=\"elementor-container elementor-column-gap-default\">\n\t\t\t\t\t<div class=\"elementor-column elementor-col-100 elementor-top-column elementor-element elementor-element-de383ee\" data-id=\"de383ee\" data-element_type=\"column\" data-e-type=\"column\">\n\t\t\t<div class=\"elementor-widget-wrap elementor-element-populated\">\n\t\t\t\t\t\t<div class=\"elementor-element elementor-element-fe49423 elementor-widget elementor-widget-heading\" data-id=\"fe49423\" data-element_type=\"widget\" data-e-type=\"widget\" data-widget_type=\"heading.default\">\n\t\t\t\t<div class=\"elementor-widget-container\">\n\t\t\t\t\t<h4 class=\"elementor-heading-title elementor-size-default\">Programe una cita sin costo hoy<\/h4>\t\t\t\t<\/div>\n\t\t\t\t<\/div>\n\t\t\t\t\t<\/div>\n\t\t<\/div>\n\t\t\t\t\t<\/div>\n\t\t<\/section>\n\t\t\t\t<section class=\"elementor-section elementor-top-section elementor-element elementor-element-81cf993 elementor-section-boxed elementor-section-height-default elementor-section-height-default\" data-id=\"81cf993\" data-element_type=\"section\" data-e-type=\"section\">\n\t\t\t\t\t\t<div class=\"elementor-container elementor-column-gap-default\">\n\t\t\t\t\t<div class=\"elementor-column elementor-col-100 elementor-top-column elementor-element elementor-element-f61fbf3\" data-id=\"f61fbf3\" data-element_type=\"column\" data-e-type=\"column\">\n\t\t\t<div class=\"elementor-widget-wrap elementor-element-populated\">\n\t\t\t\t\t\t<section class=\"elementor-section elementor-inner-section elementor-element elementor-element-2c659cc elementor-section-boxed elementor-section-height-default elementor-section-height-default\" data-id=\"2c659cc\" data-element_type=\"section\" data-e-type=\"section\">\n\t\t\t\t\t\t<div class=\"elementor-container elementor-column-gap-default\">\n\t\t\t\t\t<div class=\"elementor-column elementor-col-50 elementor-inner-column elementor-element elementor-element-7de9438\" data-id=\"7de9438\" data-element_type=\"column\" data-e-type=\"column\">\n\t\t\t<div class=\"elementor-widget-wrap elementor-element-populated\">\n\t\t\t\t\t\t<div class=\"elementor-element elementor-element-ead42f7 elementor-align-center elementor-widget elementor-widget-button\" data-id=\"ead42f7\" data-element_type=\"widget\" data-e-type=\"widget\" data-widget_type=\"button.default\">\n\t\t\t\t<div class=\"elementor-widget-container\">\n\t\t\t\t\t\t\t\t\t<div class=\"elementor-button-wrapper\">\n\t\t\t\t\t<a class=\"elementor-button elementor-button-link elementor-size-lg\" href=\"tel:19204524673\" data-wpel-link=\"internal\">\n\t\t\t\t\t\t<span class=\"elementor-button-content-wrapper\">\n\t\t\t\t\t\t<span class=\"elementor-button-icon\">\n\t\t\t\t<i aria-hidden=\"true\" class=\"fas fa-phone-alt\"><\/i>\t\t\t<\/span>\n\t\t\t\t\t\t\t\t\t<span class=\"elementor-button-text\">LLAMAR<\/span>\n\t\t\t\t\t<\/span>\n\t\t\t\t\t<\/a>\n\t\t\t\t<\/div>\n\t\t\t\t\t\t\t\t<\/div>\n\t\t\t\t<\/div>\n\t\t\t\t\t<\/div>\n\t\t<\/div>\n\t\t\t\t<div class=\"elementor-column elementor-col-50 elementor-inner-column elementor-element elementor-element-12f7c50\" data-id=\"12f7c50\" data-element_type=\"column\" data-e-type=\"column\" data-settings=\"{&quot;background_background&quot;:&quot;classic&quot;}\">\n\t\t\t<div class=\"elementor-widget-wrap elementor-element-populated\">\n\t\t\t\t\t\t<div class=\"elementor-element elementor-element-ce5fce6 elementor-align-center elementor-widget elementor-widget-button\" data-id=\"ce5fce6\" data-element_type=\"widget\" data-e-type=\"widget\" data-widget_type=\"button.default\">\n\t\t\t\t<div class=\"elementor-widget-container\">\n\t\t\t\t\t\t\t\t\t<div class=\"elementor-button-wrapper\">\n\t\t\t\t\t<a class=\"elementor-button elementor-button-link elementor-size-lg\" href=\"sms:19204524673\" data-wpel-link=\"internal\">\n\t\t\t\t\t\t<span class=\"elementor-button-content-wrapper\">\n\t\t\t\t\t\t<span class=\"elementor-button-icon\">\n\t\t\t\t<i aria-hidden=\"true\" class=\"fas fa-comment\"><\/i>\t\t\t<\/span>\n\t\t\t\t\t\t\t\t\t<span class=\"elementor-button-text\">TEXTO<\/span>\n\t\t\t\t\t<\/span>\n\t\t\t\t\t<\/a>\n\t\t\t\t<\/div>\n\t\t\t\t\t\t\t\t<\/div>\n\t\t\t\t<\/div>\n\t\t\t\t\t<\/div>\n\t\t<\/div>\n\t\t\t\t\t<\/div>\n\t\t<\/section>\n\t\t\t\t\t<\/div>\n\t\t<\/div>\n\t\t\t\t\t<\/div>\n\t\t<\/section>\n\t\t\t\t<\/div>","protected":false},"excerpt":{"rendered":"<p>confidential sexual health services Are available at no cost to you without a parent&#8217;s consent. Do you have questions or concerns about your sexual health? Licensed medical professionals are here to listen to your questions and concerns about all your sexual health care needs including pregnancy, STDs, healthy relationships and more and provide you with [&hellip;]<\/p>\n","protected":false},"author":18,"featured_media":0,"parent":0,"menu_order":0,"comment_status":"closed","ping_status":"closed","template":"elementor_header_footer","meta":{"_acf_changed":false,"footnotes":""},"class_list":["post-3073","page","type-page","status-publish","hentry"],"acf":[],"yoast_head":"<!-- This site is optimized with the Yoast SEO plugin v27.4 - https:\/\/yoast.com\/product\/yoast-seo-wordpress\/ -->\n<title>Confidential Sexual Health Services for Minors | Anchor of Hope<\/title>\n<meta name=\"description\" content=\"Confidential sexual health services for teens in Sheboygan\u2014no cost, no parental consent needed. Schedule your private appointment today.\" \/>\n<meta name=\"robots\" content=\"index, follow, max-snippet:-1, max-image-preview:large, max-video-preview:-1\" \/>\n<link rel=\"canonical\" href=\"http:\/\/anchorofhopewi.clmstaging.com\/for-minors\/\" \/>\n<meta property=\"og:locale\" content=\"es_MX\" \/>\n<meta property=\"og:type\" content=\"article\" \/>\n<meta property=\"og:title\" content=\"Confidential Sexual Health Services for Minors | Anchor of Hope\" \/>\n<meta property=\"og:description\" content=\"Confidential sexual health services for teens in Sheboygan\u2014no cost, no parental consent needed. Schedule your private appointment today.\" \/>\n<meta property=\"og:url\" content=\"http:\/\/anchorofhopewi.clmstaging.com\/for-minors\/\" \/>\n<meta property=\"og:site_name\" content=\"Anchor of Hope\" \/>\n<meta property=\"article:modified_time\" content=\"2025-10-16T19:08:54+00:00\" \/>\n<meta name=\"twitter:card\" content=\"summary_large_image\" \/>\n<meta name=\"twitter:label1\" content=\"Tiempo de lectura\" \/>\n\t<meta name=\"twitter:data1\" content=\"1 minuto\" \/>\n<!-- \/ Yoast SEO plugin. -->","yoast_head_json":{"title":"Servicios confidenciales de salud sexual para menores | Anchor of Hope","description":"Servicios confidenciales de salud sexual para adolescentes en Sheboygan: sin costo y sin necesidad de consentimiento parental. Agenda tu cita privada hoy mismo.","robots":{"index":"index","follow":"follow","max-snippet":"max-snippet:-1","max-image-preview":"max-image-preview:large","max-video-preview":"max-video-preview:-1"},"canonical":"http:\/\/anchorofhopewi.clmstaging.com\/for-minors\/","og_locale":"es_MX","og_type":"article","og_title":"Confidential Sexual Health Services for Minors | Anchor of Hope","og_description":"Confidential sexual health services for teens in Sheboygan\u2014no cost, no parental consent needed. Schedule your private appointment today.","og_url":"http:\/\/anchorofhopewi.clmstaging.com\/for-minors\/","og_site_name":"Anchor of Hope","article_modified_time":"2025-10-16T19:08:54+00:00","twitter_card":"summary_large_image","twitter_misc":{"Tiempo de lectura":"1 minuto"},"schema":{"@context":"https:\/\/schema.org","@graph":[{"@type":"WebPage","@id":"http:\/\/anchorofhopewi.clmstaging.com\/for-minors\/","url":"http:\/\/anchorofhopewi.clmstaging.com\/for-minors\/","name":"Servicios confidenciales de salud sexual para menores | Anchor of Hope","isPartOf":{"@id":"http:\/\/anchorofhopewi.clmstaging.com\/#website"},"datePublished":"2023-08-30T03:04:11+00:00","dateModified":"2025-10-16T19:08:54+00:00","description":"Servicios confidenciales de salud sexual para adolescentes en Sheboygan: sin costo y sin necesidad de consentimiento parental. Agenda tu cita privada hoy mismo.","breadcrumb":{"@id":"http:\/\/anchorofhopewi.clmstaging.com\/for-minors\/#breadcrumb"},"inLanguage":"es","potentialAction":[{"@type":"ReadAction","target":["http:\/\/anchorofhopewi.clmstaging.com\/for-minors\/"]}]},{"@type":"BreadcrumbList","@id":"http:\/\/anchorofhopewi.clmstaging.com\/for-minors\/#breadcrumb","itemListElement":[{"@type":"ListItem","position":1,"name":"Home","item":"https:\/\/anchorofhopewi.org\/"},{"@type":"ListItem","position":2,"name":"For Minors"}]},{"@type":"WebSite","@id":"http:\/\/anchorofhopewi.clmstaging.com\/#website","url":"http:\/\/anchorofhopewi.clmstaging.com\/","name":"Ancla de esperanza","description":"Centro de salud para mujeres Sheboygan - (920) 452-4673","publisher":{"@id":"http:\/\/anchorofhopewi.clmstaging.com\/#organization"},"potentialAction":[{"@type":"SearchAction","target":{"@type":"EntryPoint","urlTemplate":"http:\/\/anchorofhopewi.clmstaging.com\/?s={search_term_string}"},"query-input":{"@type":"PropertyValueSpecification","valueRequired":true,"valueName":"search_term_string"}}],"inLanguage":"es"},{"@type":"Organization","@id":"http:\/\/anchorofhopewi.clmstaging.com\/#organization","name":"Ancla de esperanza","url":"http:\/\/anchorofhopewi.clmstaging.com\/","logo":{"@type":"ImageObject","inLanguage":"es","@id":"http:\/\/anchorofhopewi.clmstaging.com\/#\/schema\/logo\/image\/","url":"https:\/\/anchorofhopewi.org\/wp-content\/uploads\/2021\/09\/logo-color.png","contentUrl":"https:\/\/anchorofhopewi.org\/wp-content\/uploads\/2021\/09\/logo-color.png","width":729,"height":115,"caption":"Anchor of Hope"},"image":{"@id":"http:\/\/anchorofhopewi.clmstaging.com\/#\/schema\/logo\/image\/"}}]}},"_links":{"self":[{"href":"https:\/\/anchorofhopewi.org\/es\/wp-json\/wp\/v2\/pages\/3073","targetHints":{"allow":["GET"]}}],"collection":[{"href":"https:\/\/anchorofhopewi.org\/es\/wp-json\/wp\/v2\/pages"}],"about":[{"href":"https:\/\/anchorofhopewi.org\/es\/wp-json\/wp\/v2\/types\/page"}],"author":[{"embeddable":true,"href":"https:\/\/anchorofhopewi.org\/es\/wp-json\/wp\/v2\/users\/18"}],"replies":[{"embeddable":true,"href":"https:\/\/anchorofhopewi.org\/es\/wp-json\/wp\/v2\/comments?post=3073"}],"version-history":[{"count":0,"href":"https:\/\/anchorofhopewi.org\/es\/wp-json\/wp\/v2\/pages\/3073\/revisions"}],"wp:attachment":[{"href":"https:\/\/anchorofhopewi.org\/es\/wp-json\/wp\/v2\/media?parent=3073"}],"curies":[{"name":"gracias","href":"https:\/\/api.w.org\/{rel}","templated":true}]}}