{"id":42,"date":"2017-07-07T20:00:23","date_gmt":"2017-07-07T20:00:23","guid":{"rendered":"http:\/\/chooselifemarketingd.calevir.com\/?page_id=42"},"modified":"2025-10-16T13:02:31","modified_gmt":"2025-10-16T19:02:31","slug":"adoption","status":"publish","type":"page","link":"https:\/\/anchorofhopewi.org\/es\/pregnancy-options\/adoption\/","title":{"rendered":"Adopci\u00f3n"},"content":{"rendered":"<div data-elementor-type=\"wp-page\" data-elementor-id=\"42\" class=\"elementor elementor-42\" data-elementor-post-type=\"page\">\n\t\t\t\t\t\t<section class=\"elementor-section elementor-top-section elementor-element elementor-element-91a43e5 elementor-section-full_width elementor-section-height-min-height elementor-section-height-default elementor-section-items-middle\" data-id=\"91a43e5\" data-element_type=\"section\" data-e-type=\"section\" data-settings=\"{&quot;background_background&quot;:&quot;classic&quot;}\">\n\t\t\t\t\t\t<div class=\"elementor-container elementor-column-gap-default\">\n\t\t\t\t\t<div class=\"elementor-column elementor-col-100 elementor-top-column elementor-element elementor-element-c23a56f\" data-id=\"c23a56f\" data-element_type=\"column\" data-e-type=\"column\">\n\t\t\t<div class=\"elementor-widget-wrap elementor-element-populated\">\n\t\t\t\t\t\t\t<\/div>\n\t\t<\/div>\n\t\t\t\t\t<\/div>\n\t\t<\/section>\n\t\t\t\t<section class=\"elementor-section elementor-top-section elementor-element elementor-element-10fb9e25 elementor-section-boxed elementor-section-height-default elementor-section-height-default\" data-id=\"10fb9e25\" data-element_type=\"section\" data-e-type=\"section\">\n\t\t\t\t\t\t<div class=\"elementor-container elementor-column-gap-default\">\n\t\t\t\t\t<div class=\"elementor-column elementor-col-100 elementor-top-column elementor-element elementor-element-26700116\" data-id=\"26700116\" data-element_type=\"column\" data-e-type=\"column\">\n\t\t\t<div class=\"elementor-widget-wrap elementor-element-populated\">\n\t\t\t\t\t\t<div class=\"elementor-element elementor-element-5f4d19d elementor-widget elementor-widget-heading\" data-id=\"5f4d19d\" data-element_type=\"widget\" data-e-type=\"widget\" data-widget_type=\"heading.default\">\n\t\t\t\t<div class=\"elementor-widget-container\">\n\t\t\t\t\t<h3 class=\"elementor-heading-title elementor-size-default\">\u00bfQu\u00e9 es la adopci\u00f3n?<\/h3>\t\t\t\t<\/div>\n\t\t\t\t<\/div>\n\t\t\t\t<div class=\"elementor-element elementor-element-35a24c1f elementor-widget elementor-widget-text-editor\" data-id=\"35a24c1f\" data-element_type=\"widget\" data-e-type=\"widget\" data-widget_type=\"text-editor.default\">\n\t\t\t\t<div class=\"elementor-widget-container\">\n\t\t\t\t\t\t\t\t\t<div class=\"et_pb_module et_pb_text et_pb_text_0 et_pb_text_align_left et_pb_bg_layout_light\"><div class=\"et_pb_text_inner\"><p><span style=\"font-weight: 400;\">La adopci\u00f3n es el acto amoroso de colocar a un ni\u00f1o en una familia permanente. Hoy en d\u00eda, las madres y los padres biol\u00f3gicos que no pueden cuidar de sus hijos tienen muchas opciones al decidir la adopci\u00f3n.\u00a0<\/span><\/p><\/div><\/div>\t\t\t\t\t\t\t\t<\/div>\n\t\t\t\t<\/div>\n\t\t\t\t<div class=\"elementor-element elementor-element-5e8cec5 elementor-widget elementor-widget-accordion\" data-id=\"5e8cec5\" data-element_type=\"widget\" data-e-type=\"widget\" data-widget_type=\"accordion.default\">\n\t\t\t\t<div class=\"elementor-widget-container\">\n\t\t\t\t\t\t\t<div class=\"elementor-accordion\">\n\t\t\t\t\t\t\t<div class=\"elementor-accordion-item\">\n\t\t\t\t\t<div id=\"elementor-tab-title-9911\" class=\"elementor-tab-title\" data-tab=\"1\" role=\"button\" aria-controls=\"elementor-tab-content-9911\" aria-expanded=\"false\">\n\t\t\t\t\t\t\t\t\t\t\t\t\t<span class=\"elementor-accordion-icon elementor-accordion-icon-left\" aria-hidden=\"true\">\n\t\t\t\t\t\t\t\t\t\t\t\t\t\t\t<span class=\"elementor-accordion-icon-closed\"><i class=\"fas fa-plus\"><\/i><\/span>\n\t\t\t\t\t\t\t\t<span class=\"elementor-accordion-icon-opened\"><i class=\"fas fa-minus\"><\/i><\/span>\n\t\t\t\t\t\t\t\t\t\t\t\t\t\t<\/span>\n\t\t\t\t\t\t\t\t\t\t\t\t<a class=\"elementor-accordion-title\" tabindex=\"0\">\u00bfC\u00f3mo funciona la adopci\u00f3n?<\/a>\n\t\t\t\t\t<\/div>\n\t\t\t\t\t<div id=\"elementor-tab-content-9911\" class=\"elementor-tab-content elementor-clearfix\" data-tab=\"1\" role=\"region\" aria-labelledby=\"elementor-tab-title-9911\"><p><span style=\"font-weight: 400;\">\u00a1En muchos sentidos, tienes la opci\u00f3n de elegir! Como padre\/madre biol\u00f3gico\/a, tendr\u00e1s la oportunidad de elegir una agencia de adopci\u00f3n, la familia adoptiva para tu hijo\/a y decidir si prefieres una adopci\u00f3n abierta o cerrada. Al elegir a los padres\/familia adoptivos\/as para tu hijo\/a, podr\u00e1s ver si tienen cualidades que consideres importantes: aficiones, intereses, estilo de vida, creencias religiosas, etc. Esto te permite elegir la familia que creas que mejor apoyar\u00e1 y cuidar\u00e1 a tu hijo\/a. Hay muchas parejas y familias esperando adoptar y empezar a formar (\u00a1o ampliar!) sus familias.\u00a0\u00a0<\/span><\/p><\/div>\n\t\t\t\t<\/div>\n\t\t\t\t\t\t\t<div class=\"elementor-accordion-item\">\n\t\t\t\t\t<div id=\"elementor-tab-title-9912\" class=\"elementor-tab-title\" data-tab=\"2\" role=\"button\" aria-controls=\"elementor-tab-content-9912\" aria-expanded=\"false\">\n\t\t\t\t\t\t\t\t\t\t\t\t\t<span class=\"elementor-accordion-icon elementor-accordion-icon-left\" aria-hidden=\"true\">\n\t\t\t\t\t\t\t\t\t\t\t\t\t\t\t<span class=\"elementor-accordion-icon-closed\"><i class=\"fas fa-plus\"><\/i><\/span>\n\t\t\t\t\t\t\t\t<span class=\"elementor-accordion-icon-opened\"><i class=\"fas fa-minus\"><\/i><\/span>\n\t\t\t\t\t\t\t\t\t\t\t\t\t\t<\/span>\n\t\t\t\t\t\t\t\t\t\t\t\t<a class=\"elementor-accordion-title\" tabindex=\"0\">\u00bfCu\u00e1l es la diferencia entre una adopci\u00f3n abierta o cerrada?<\/a>\n\t\t\t\t\t<\/div>\n\t\t\t\t\t<div id=\"elementor-tab-content-9912\" class=\"elementor-tab-content elementor-clearfix\" data-tab=\"2\" role=\"region\" aria-labelledby=\"elementor-tab-title-9912\"><p><span style=\"font-weight: 400;\">Un <strong>adopci\u00f3n abierta<\/strong> Un plan de adopci\u00f3n semiabierta le permitir\u00e1 tener contacto continuo con su hijo y sus padres adoptivos. Esto podr\u00eda ser mediante fotos, llamadas telef\u00f3nicas o incluso visitas en persona. Este tipo de adopci\u00f3n le permite seguir formando parte de la vida de su hijo.<\/span><\/p><p><span style=\"font-weight: 400;\">A <strong>adopci\u00f3n cerrada<\/strong> Es otra opci\u00f3n. Este plan de adopci\u00f3n ofrece confidencialidad tanto para usted como para los padres adoptivos de su hijo. Sin embargo, si en alg\u00fan momento desea visitar o recibir informaci\u00f3n actualizada sobre su hijo, su agencia de adopci\u00f3n puede ponerlo en contacto con los padres adoptivos de su hijo y, posiblemente, ponerlo en contacto.<\/span><\/p><\/div>\n\t\t\t\t<\/div>\n\t\t\t\t\t\t\t<div class=\"elementor-accordion-item\">\n\t\t\t\t\t<div id=\"elementor-tab-title-9913\" class=\"elementor-tab-title\" data-tab=\"3\" role=\"button\" aria-controls=\"elementor-tab-content-9913\" aria-expanded=\"false\">\n\t\t\t\t\t\t\t\t\t\t\t\t\t<span class=\"elementor-accordion-icon elementor-accordion-icon-left\" aria-hidden=\"true\">\n\t\t\t\t\t\t\t\t\t\t\t\t\t\t\t<span class=\"elementor-accordion-icon-closed\"><i class=\"fas fa-plus\"><\/i><\/span>\n\t\t\t\t\t\t\t\t<span class=\"elementor-accordion-icon-opened\"><i class=\"fas fa-minus\"><\/i><\/span>\n\t\t\t\t\t\t\t\t\t\t\t\t\t\t<\/span>\n\t\t\t\t\t\t\t\t\t\t\t\t<a class=\"elementor-accordion-title\" tabindex=\"0\">\u00bfPodr\u00eda la adopci\u00f3n ser una opci\u00f3n para usted?<\/a>\n\t\t\t\t\t<\/div>\n\t\t\t\t\t<div id=\"elementor-tab-content-9913\" class=\"elementor-tab-content elementor-clearfix\" data-tab=\"3\" role=\"region\" aria-labelledby=\"elementor-tab-title-9913\"><p><span style=\"font-weight: 400;\">Hoy en d\u00eda, tiene mucha libertad para elegir padres adoptivos para su hijo. Adoptar es elegir una familia definitiva para su hijo, una familia que ha estado esperando y preparando un hogar para \u00e9l. Adoptar no es entregar a su hijo. El personal de Anchor of Hope puede ponerlo en contacto con una agencia de adopci\u00f3n autorizada de su elecci\u00f3n para hacer preguntas y explorar opciones.\u00a0<\/span><\/p><\/div>\n\t\t\t\t<\/div>\n\t\t\t\t\t\t\t\t<\/div>\n\t\t\t\t\t\t<\/div>\n\t\t\t\t<\/div>\n\t\t\t\t\t<\/div>\n\t\t<\/div>\n\t\t\t\t\t<\/div>\n\t\t<\/section>\n\t\t\t\t<section class=\"elementor-section elementor-top-section elementor-element elementor-element-d970ca7 elementor-section-boxed elementor-section-height-default elementor-section-height-default\" data-id=\"d970ca7\" data-element_type=\"section\" data-e-type=\"section\" data-settings=\"{&quot;background_background&quot;:&quot;classic&quot;}\">\n\t\t\t\t\t\t<div class=\"elementor-container elementor-column-gap-default\">\n\t\t\t\t\t<div class=\"elementor-column elementor-col-100 elementor-top-column elementor-element elementor-element-9c8f541\" data-id=\"9c8f541\" data-element_type=\"column\" data-e-type=\"column\">\n\t\t\t<div class=\"elementor-widget-wrap elementor-element-populated\">\n\t\t\t\t\t\t<div class=\"elementor-element elementor-element-a951cfd elementor-widget elementor-widget-heading\" data-id=\"a951cfd\" data-element_type=\"widget\" data-e-type=\"widget\" data-widget_type=\"heading.default\">\n\t\t\t\t<div class=\"elementor-widget-container\">\n\t\t\t\t\t<h4 class=\"elementor-heading-title elementor-size-default\">Para m\u00e1s informaci\u00f3n sobre adopci\u00f3n<\/h4>\t\t\t\t<\/div>\n\t\t\t\t<\/div>\n\t\t\t\t\t<\/div>\n\t\t<\/div>\n\t\t\t\t\t<\/div>\n\t\t<\/section>\n\t\t\t\t<section class=\"elementor-section elementor-top-section elementor-element elementor-element-183ed0f elementor-section-boxed elementor-section-height-default elementor-section-height-default\" data-id=\"183ed0f\" data-element_type=\"section\" data-e-type=\"section\">\n\t\t\t\t\t\t<div class=\"elementor-container elementor-column-gap-default\">\n\t\t\t\t\t<div class=\"elementor-column elementor-col-33 elementor-top-column elementor-element elementor-element-67de9b9\" data-id=\"67de9b9\" data-element_type=\"column\" data-e-type=\"column\">\n\t\t\t<div class=\"elementor-widget-wrap elementor-element-populated\">\n\t\t\t\t\t\t<div class=\"elementor-element elementor-element-61a41a3 elementor-align-center elementor-widget elementor-widget-button\" data-id=\"61a41a3\" data-element_type=\"widget\" data-e-type=\"widget\" data-widget_type=\"button.default\">\n\t\t\t\t<div class=\"elementor-widget-container\">\n\t\t\t\t\t\t\t\t\t<div class=\"elementor-button-wrapper\">\n\t\t\t\t\t<a class=\"elementor-button elementor-button-link elementor-size-lg\" href=\"tel:19204524673\" data-wpel-link=\"internal\">\n\t\t\t\t\t\t<span class=\"elementor-button-content-wrapper\">\n\t\t\t\t\t\t<span class=\"elementor-button-icon\">\n\t\t\t\t<i aria-hidden=\"true\" class=\"fas fa-phone-alt\"><\/i>\t\t\t<\/span>\n\t\t\t\t\t\t\t\t\t<span class=\"elementor-button-text\">LLAMAR<\/span>\n\t\t\t\t\t<\/span>\n\t\t\t\t\t<\/a>\n\t\t\t\t<\/div>\n\t\t\t\t\t\t\t\t<\/div>\n\t\t\t\t<\/div>\n\t\t\t\t\t<\/div>\n\t\t<\/div>\n\t\t\t\t<div class=\"elementor-column elementor-col-33 elementor-top-column elementor-element elementor-element-3672426\" data-id=\"3672426\" data-element_type=\"column\" data-e-type=\"column\">\n\t\t\t<div class=\"elementor-widget-wrap elementor-element-populated\">\n\t\t\t\t\t\t<div class=\"elementor-element elementor-element-c714fb2 elementor-align-center elementor-widget elementor-widget-button\" data-id=\"c714fb2\" data-element_type=\"widget\" data-e-type=\"widget\" data-widget_type=\"button.default\">\n\t\t\t\t<div class=\"elementor-widget-container\">\n\t\t\t\t\t\t\t\t\t<div class=\"elementor-button-wrapper\">\n\t\t\t\t\t<a class=\"elementor-button elementor-button-link elementor-size-lg\" href=\"sms:19204524673\" data-wpel-link=\"internal\">\n\t\t\t\t\t\t<span class=\"elementor-button-content-wrapper\">\n\t\t\t\t\t\t<span class=\"elementor-button-icon\">\n\t\t\t\t<i aria-hidden=\"true\" class=\"fas fa-comment\"><\/i>\t\t\t<\/span>\n\t\t\t\t\t\t\t\t\t<span class=\"elementor-button-text\">TEXTO<\/span>\n\t\t\t\t\t<\/span>\n\t\t\t\t\t<\/a>\n\t\t\t\t<\/div>\n\t\t\t\t\t\t\t\t<\/div>\n\t\t\t\t<\/div>\n\t\t\t\t\t<\/div>\n\t\t<\/div>\n\t\t\t\t<div class=\"elementor-column elementor-col-33 elementor-top-column elementor-element elementor-element-fda5e61\" data-id=\"fda5e61\" data-element_type=\"column\" data-e-type=\"column\">\n\t\t\t<div class=\"elementor-widget-wrap elementor-element-populated\">\n\t\t\t\t\t\t<div class=\"elementor-element elementor-element-291a442 elementor-align-center elementor-widget elementor-widget-button\" data-id=\"291a442\" data-element_type=\"widget\" data-e-type=\"widget\" data-widget_type=\"button.default\">\n\t\t\t\t<div class=\"elementor-widget-container\">\n\t\t\t\t\t\t\t\t\t<div class=\"elementor-button-wrapper\">\n\t\t\t\t\t<a class=\"elementor-button elementor-button-link elementor-size-lg\" href=\"http:\/\/anchorofhopewi.org\/es\/after-hours\/\" data-wpel-link=\"external\" rel=\"external noopener noreferrer\">\n\t\t\t\t\t\t<span class=\"elementor-button-content-wrapper\">\n\t\t\t\t\t\t<span class=\"elementor-button-icon\">\n\t\t\t\t<i aria-hidden=\"true\" class=\"fas fa-moon\"><\/i>\t\t\t<\/span>\n\t\t\t\t\t\t\t\t\t<span class=\"elementor-button-text\">AYUDA FUERA DEL HORARIO DE ATENCI\u00d3N<\/span>\n\t\t\t\t\t<\/span>\n\t\t\t\t\t<\/a>\n\t\t\t\t<\/div>\n\t\t\t\t\t\t\t\t<\/div>\n\t\t\t\t<\/div>\n\t\t\t\t\t<\/div>\n\t\t<\/div>\n\t\t\t\t\t<\/div>\n\t\t<\/section>\n\t\t\t\t<section class=\"elementor-section elementor-top-section elementor-element elementor-element-8f82be2 elementor-section-boxed elementor-section-height-default elementor-section-height-default\" data-id=\"8f82be2\" data-element_type=\"section\" data-e-type=\"section\">\n\t\t\t\t\t\t<div class=\"elementor-container elementor-column-gap-default\">\n\t\t\t\t\t<div class=\"elementor-column elementor-col-100 elementor-top-column elementor-element elementor-element-23e0e82\" data-id=\"23e0e82\" data-element_type=\"column\" data-e-type=\"column\">\n\t\t\t<div class=\"elementor-widget-wrap\">\n\t\t\t\t\t\t\t<\/div>\n\t\t<\/div>\n\t\t\t\t\t<\/div>\n\t\t<\/section>\n\t\t\t\t<\/div>","protected":false},"excerpt":{"rendered":"<p>What is Adoption? Adoption is the loving act of placing a child in a forever family.\u00a0 Today, birth mothers and fathers who cannot care for their children have many options when deciding on adoption.\u00a0 How does Adoption work? In many ways, you get to choose!\u00a0 As the birth parent, you will have\u00a0the opportunity to choose [&hellip;]<\/p>\n","protected":false},"author":18,"featured_media":0,"parent":38,"menu_order":0,"comment_status":"closed","ping_status":"closed","template":"elementor_header_footer","meta":{"_acf_changed":false,"footnotes":""},"class_list":["post-42","page","type-page","status-publish","hentry"],"acf":[],"yoast_head":"<!-- This site is optimized with the Yoast SEO plugin v27.3 - https:\/\/yoast.com\/product\/yoast-seo-wordpress\/ -->\n<title>Adoption Resources &amp; Licensed Agency Referrals in Sheboygan, WI<\/title>\n<meta name=\"description\" content=\"Considering adoption in Sheboygan, WI? Get accurate info, caring support, and referrals to licensed adoption agencies at Anchor of Hope.\" \/>\n<meta name=\"robots\" content=\"index, follow, max-snippet:-1, max-image-preview:large, max-video-preview:-1\" \/>\n<link rel=\"canonical\" href=\"http:\/\/anchorofhopewi.clmstaging.com\/pregnancy-options\/adoption\/\" \/>\n<meta property=\"og:locale\" content=\"es_MX\" \/>\n<meta property=\"og:type\" content=\"article\" \/>\n<meta property=\"og:title\" content=\"Adoption Resources &amp; Licensed Agency Referrals in Sheboygan, WI\" \/>\n<meta property=\"og:description\" content=\"Considering adoption in Sheboygan, WI? Get accurate info, caring support, and referrals to licensed adoption agencies at Anchor of Hope.\" \/>\n<meta property=\"og:url\" content=\"http:\/\/anchorofhopewi.clmstaging.com\/pregnancy-options\/adoption\/\" \/>\n<meta property=\"og:site_name\" content=\"Anchor of Hope\" \/>\n<meta property=\"article:modified_time\" content=\"2025-10-16T19:02:31+00:00\" \/>\n<meta name=\"twitter:card\" content=\"summary_large_image\" \/>\n<meta name=\"twitter:label1\" content=\"Tiempo de lectura\" \/>\n\t<meta name=\"twitter:data1\" content=\"2 minutos\" \/>\n<!-- \/ Yoast SEO plugin. -->","yoast_head_json":{"title":"Recursos de adopci\u00f3n y referencias de agencias autorizadas en Sheboygan, Wisconsin","description":"\u00bfEst\u00e1s considerando adoptar en Sheboygan, Wisconsin? Obt\u00e9n informaci\u00f3n precisa, apoyo y recomendaciones de agencias de adopci\u00f3n autorizadas en Anchor of Hope.","robots":{"index":"index","follow":"follow","max-snippet":"max-snippet:-1","max-image-preview":"max-image-preview:large","max-video-preview":"max-video-preview:-1"},"canonical":"http:\/\/anchorofhopewi.clmstaging.com\/pregnancy-options\/adoption\/","og_locale":"es_MX","og_type":"article","og_title":"Adoption Resources & Licensed Agency Referrals in Sheboygan, WI","og_description":"Considering adoption in Sheboygan, WI? Get accurate info, caring support, and referrals to licensed adoption agencies at Anchor of Hope.","og_url":"http:\/\/anchorofhopewi.clmstaging.com\/pregnancy-options\/adoption\/","og_site_name":"Anchor of Hope","article_modified_time":"2025-10-16T19:02:31+00:00","twitter_card":"summary_large_image","twitter_misc":{"Tiempo de lectura":"2 minutos"},"schema":{"@context":"https:\/\/schema.org","@graph":[{"@type":"WebPage","@id":"http:\/\/anchorofhopewi.clmstaging.com\/pregnancy-options\/adoption\/","url":"http:\/\/anchorofhopewi.clmstaging.com\/pregnancy-options\/adoption\/","name":"Recursos de adopci\u00f3n y referencias de agencias autorizadas en Sheboygan, Wisconsin","isPartOf":{"@id":"http:\/\/anchorofhopewi.clmstaging.com\/#website"},"datePublished":"2017-07-07T20:00:23+00:00","dateModified":"2025-10-16T19:02:31+00:00","description":"\u00bfEst\u00e1s considerando adoptar en Sheboygan, Wisconsin? Obt\u00e9n informaci\u00f3n precisa, apoyo y recomendaciones de agencias de adopci\u00f3n autorizadas en Anchor of Hope.","breadcrumb":{"@id":"http:\/\/anchorofhopewi.clmstaging.com\/pregnancy-options\/adoption\/#breadcrumb"},"inLanguage":"es","potentialAction":[{"@type":"ReadAction","target":["http:\/\/anchorofhopewi.clmstaging.com\/pregnancy-options\/adoption\/"]}]},{"@type":"BreadcrumbList","@id":"http:\/\/anchorofhopewi.clmstaging.com\/pregnancy-options\/adoption\/#breadcrumb","itemListElement":[{"@type":"ListItem","position":1,"name":"Home","item":"https:\/\/anchorofhopewi.org\/"},{"@type":"ListItem","position":2,"name":"Pregnancy Options","item":"http:\/\/anchorofhopewi.clmstaging.com\/pregnancy-options\/"},{"@type":"ListItem","position":3,"name":"Adoption"}]},{"@type":"WebSite","@id":"http:\/\/anchorofhopewi.clmstaging.com\/#website","url":"http:\/\/anchorofhopewi.clmstaging.com\/","name":"Ancla de esperanza","description":"Centro de salud para mujeres Sheboygan - (920) 452-4673","publisher":{"@id":"http:\/\/anchorofhopewi.clmstaging.com\/#organization"},"potentialAction":[{"@type":"SearchAction","target":{"@type":"EntryPoint","urlTemplate":"http:\/\/anchorofhopewi.clmstaging.com\/?s={search_term_string}"},"query-input":{"@type":"PropertyValueSpecification","valueRequired":true,"valueName":"search_term_string"}}],"inLanguage":"es"},{"@type":"Organization","@id":"http:\/\/anchorofhopewi.clmstaging.com\/#organization","name":"Ancla de esperanza","url":"http:\/\/anchorofhopewi.clmstaging.com\/","logo":{"@type":"ImageObject","inLanguage":"es","@id":"http:\/\/anchorofhopewi.clmstaging.com\/#\/schema\/logo\/image\/","url":"https:\/\/anchorofhopewi.org\/wp-content\/uploads\/2021\/09\/logo-color.png","contentUrl":"https:\/\/anchorofhopewi.org\/wp-content\/uploads\/2021\/09\/logo-color.png","width":729,"height":115,"caption":"Anchor of Hope"},"image":{"@id":"http:\/\/anchorofhopewi.clmstaging.com\/#\/schema\/logo\/image\/"}}]}},"_links":{"self":[{"href":"https:\/\/anchorofhopewi.org\/es\/wp-json\/wp\/v2\/pages\/42","targetHints":{"allow":["GET"]}}],"collection":[{"href":"https:\/\/anchorofhopewi.org\/es\/wp-json\/wp\/v2\/pages"}],"about":[{"href":"https:\/\/anchorofhopewi.org\/es\/wp-json\/wp\/v2\/types\/page"}],"author":[{"embeddable":true,"href":"https:\/\/anchorofhopewi.org\/es\/wp-json\/wp\/v2\/users\/18"}],"replies":[{"embeddable":true,"href":"https:\/\/anchorofhopewi.org\/es\/wp-json\/wp\/v2\/comments?post=42"}],"version-history":[{"count":0,"href":"https:\/\/anchorofhopewi.org\/es\/wp-json\/wp\/v2\/pages\/42\/revisions"}],"up":[{"embeddable":true,"href":"https:\/\/anchorofhopewi.org\/es\/wp-json\/wp\/v2\/pages\/38"}],"wp:attachment":[{"href":"https:\/\/anchorofhopewi.org\/es\/wp-json\/wp\/v2\/media?parent=42"}],"curies":[{"name":"gracias","href":"https:\/\/api.w.org\/{rel}","templated":true}]}}