{"id":8036,"date":"2025-10-13T11:51:29","date_gmt":"2025-10-13T17:51:29","guid":{"rendered":"https:\/\/anchorofhopewi.org\/?page_id=8036"},"modified":"2026-01-12T11:03:34","modified_gmt":"2026-01-12T17:03:34","slug":"plymouth-location","status":"publish","type":"page","link":"https:\/\/anchorofhopewi.org\/es\/plymouth-location\/","title":{"rendered":"Ubicaci\u00f3n de Plymouth"},"content":{"rendered":"<div data-elementor-type=\"wp-page\" data-elementor-id=\"8036\" class=\"elementor elementor-8036\" data-elementor-post-type=\"page\">\n\t\t\t\t\t\t<section class=\"elementor-section elementor-top-section elementor-element elementor-element-2dcae9d elementor-section-full_width elementor-section-height-min-height elementor-section-height-default elementor-section-items-middle\" data-id=\"2dcae9d\" data-element_type=\"section\" data-e-type=\"section\" data-settings=\"{&quot;background_background&quot;:&quot;classic&quot;}\">\n\t\t\t\t\t\t<div class=\"elementor-container elementor-column-gap-default\">\n\t\t\t\t\t<div class=\"elementor-column elementor-col-100 elementor-top-column elementor-element elementor-element-1b23790f\" data-id=\"1b23790f\" data-element_type=\"column\" data-e-type=\"column\">\n\t\t\t<div class=\"elementor-widget-wrap elementor-element-populated\">\n\t\t\t\t\t\t\t<\/div>\n\t\t<\/div>\n\t\t\t\t\t<\/div>\n\t\t<\/section>\n\t\t\t\t<section class=\"elementor-section elementor-top-section elementor-element elementor-element-257ae653 elementor-section-boxed elementor-section-height-default elementor-section-height-default\" data-id=\"257ae653\" data-element_type=\"section\" data-e-type=\"section\">\n\t\t\t\t\t\t<div class=\"elementor-container elementor-column-gap-default\">\n\t\t\t\t\t<div class=\"elementor-column elementor-col-100 elementor-top-column elementor-element elementor-element-514d9c40\" data-id=\"514d9c40\" data-element_type=\"column\" data-e-type=\"column\">\n\t\t\t<div class=\"elementor-widget-wrap elementor-element-populated\">\n\t\t\t\t\t\t<div class=\"elementor-element elementor-element-0ff3a26 elementor-widget elementor-widget-text-editor\" data-id=\"0ff3a26\" data-element_type=\"widget\" data-e-type=\"widget\" data-widget_type=\"text-editor.default\">\n\t\t\t\t<div class=\"elementor-widget-container\">\n\t\t\t\t\t\t\t\t\t<p><span style=\"font-weight: 400;\">Nuestra cl\u00ednica m\u00e9dica de Plymouth ofrece servicios de atenci\u00f3n m\u00e9dica sexual profesionales, confidenciales y gratuitos, dise\u00f1ados pensando en usted.\u00a0<\/span><\/p>\t\t\t\t\t\t\t\t<\/div>\n\t\t\t\t<\/div>\n\t\t\t\t<div class=\"elementor-element elementor-element-4b3cb5b4 elementor-widget elementor-widget-heading\" data-id=\"4b3cb5b4\" data-element_type=\"widget\" data-e-type=\"widget\" data-widget_type=\"heading.default\">\n\t\t\t\t<div class=\"elementor-widget-container\">\n\t\t\t\t\t<span class=\"elementor-heading-title elementor-size-default\">Servicios disponibles: <\/span>\t\t\t\t<\/div>\n\t\t\t\t<\/div>\n\t\t\t\t<div class=\"elementor-element elementor-element-753bf22e elementor-widget elementor-widget-text-editor\" data-id=\"753bf22e\" data-element_type=\"widget\" data-e-type=\"widget\" data-widget_type=\"text-editor.default\">\n\t\t\t\t<div class=\"elementor-widget-container\">\n\t\t\t\t\t\t\t\t\t<ul><li><a href=\"http:\/\/anchorofhopewi.org\/es\/abortion-information-consultation\/\" data-wpel-link=\"external\" rel=\"external noopener noreferrer\">Consulta de informaci\u00f3n sobre el aborto<\/a><\/li><li><a href=\"http:\/\/anchorofhopewi.org\/es\/medical-services\/pregnancy-testing\/\" data-wpel-link=\"external\" rel=\"external noopener noreferrer\"><span style=\"font-weight: 400;\">Prueba de embarazo<\/span><\/a><\/li><li><a href=\"http:\/\/anchorofhopewi.org\/es\/ultrasound\/\" data-wpel-link=\"external\" rel=\"external noopener noreferrer\"><span style=\"font-weight: 400;\">Ultrasonido<\/span><\/a><\/li><li><a href=\"http:\/\/anchorofhopewi.org\/es\/sti-std-testing-and-treatment\/\" data-wpel-link=\"external\" rel=\"external noopener noreferrer\"><span style=\"font-weight: 400;\">Pruebas de ETS<\/span><\/a><\/li><li><a href=\"http:\/\/anchorofhopewi.org\/es\/pregnancy-options\/\" data-wpel-link=\"external\" rel=\"external noopener noreferrer\"><span style=\"font-weight: 400;\">Opciones e informaci\u00f3n sobre el embarazo<\/span><\/a><\/li><li><a href=\"http:\/\/anchorofhopewi.org\/es\/abortion-pill-reversal\/\" data-wpel-link=\"external\" rel=\"external noopener noreferrer\"><span style=\"font-weight: 400;\">Reversi\u00f3n de la p\u00edldora abortiva<\/span><\/a><\/li><\/ul><p><span style=\"font-weight: 400;\"><br \/>Todos nuestros servicios se ofrecen en un espacio seguro, profesional y confidencial. Anchor of Hope cuenta con profesionales m\u00e9dicos colegiados que ofrecen un enfoque hol\u00edstico a la salud sexual.\u00a0<\/span><\/p>\t\t\t\t\t\t\t\t<\/div>\n\t\t\t\t<\/div>\n\t\t\t\t\t<\/div>\n\t\t<\/div>\n\t\t\t\t\t<\/div>\n\t\t<\/section>\n\t\t\t\t<section class=\"elementor-section elementor-top-section elementor-element elementor-element-37685f1 elementor-section-boxed elementor-section-height-default elementor-section-height-default\" data-id=\"37685f1\" data-element_type=\"section\" data-e-type=\"section\">\n\t\t\t\t\t\t<div class=\"elementor-container elementor-column-gap-default\">\n\t\t\t\t\t<div class=\"elementor-column elementor-col-50 elementor-top-column elementor-element elementor-element-d2954bd\" data-id=\"d2954bd\" data-element_type=\"column\" data-e-type=\"column\">\n\t\t\t<div class=\"elementor-widget-wrap elementor-element-populated\">\n\t\t\t\t\t\t<div class=\"elementor-element elementor-element-3d62fa93 elementor-widget elementor-widget-heading\" data-id=\"3d62fa93\" data-element_type=\"widget\" data-e-type=\"widget\" data-widget_type=\"heading.default\">\n\t\t\t\t<div class=\"elementor-widget-container\">\n\t\t\t\t\t<h2 class=\"elementor-heading-title elementor-size-default\">Ubicaci\u00f3n y horario<\/h2>\t\t\t\t<\/div>\n\t\t\t\t<\/div>\n\t\t\t\t<div class=\"elementor-element elementor-element-78d857f5 elementor-widget elementor-widget-text-editor\" data-id=\"78d857f5\" data-element_type=\"widget\" data-e-type=\"widget\" data-widget_type=\"text-editor.default\">\n\t\t\t\t<div class=\"elementor-widget-container\">\n\t\t\t\t\t\t\t\t\t<p>515 E. Mill Street, Plymouth WI 53073 (Puerta B)<\/p><p><b>Martes:<\/b><span style=\"font-weight: 400;\"> 11:00 a. m. a 3:00 p. m.<\/span><span style=\"font-weight: 400;\"><br \/><\/span><b>Jueves:<\/b><span style=\"font-weight: 400;\"> 13:00 \u2013 17:00<\/span><\/p><p><span style=\"font-weight: 400;\">Se aceptan visitas sin cita previa seg\u00fan lo permita la disponibilidad, pero se recomienda concertar una cita.<\/span><\/p><p><span style=\"font-weight: 400;\">\u00a0<\/span><\/p>\t\t\t\t\t\t\t\t<\/div>\n\t\t\t\t<\/div>\n\t\t\t\t\t<\/div>\n\t\t<\/div>\n\t\t\t\t<div class=\"elementor-column elementor-col-50 elementor-top-column elementor-element elementor-element-5056734\" data-id=\"5056734\" data-element_type=\"column\" data-e-type=\"column\">\n\t\t\t<div class=\"elementor-widget-wrap elementor-element-populated\">\n\t\t\t\t\t\t<div class=\"elementor-element elementor-element-18a6daf elementor-widget elementor-widget-google_maps\" data-id=\"18a6daf\" data-element_type=\"widget\" data-e-type=\"widget\" data-widget_type=\"google_maps.default\">\n\t\t\t\t<div class=\"elementor-widget-container\">\n\t\t\t\t\t\t\t<div class=\"elementor-custom-embed\">\n\t\t\t<iframe loading=\"lazy\"\n\t\t\t\t\tsrc=\"https:\/\/maps.google.com\/maps?q=515%20E.%20Mill%20Street%2C%20Plymouth%20WI%2053073&#038;t=m&#038;z=14&#038;output=embed&#038;iwloc=near\"\n\t\t\t\t\ttitle=\"515 E. Mill Street, Plymouth, WI 53073\"\n\t\t\t\t\taria-label=\"515 E. Mill Street, Plymouth, WI 53073\"\n\t\t\t><\/iframe>\n\t\t<\/div>\n\t\t\t\t\t\t<\/div>\n\t\t\t\t<\/div>\n\t\t\t\t\t<\/div>\n\t\t<\/div>\n\t\t\t\t\t<\/div>\n\t\t<\/section>\n\t\t\t\t<section class=\"elementor-section elementor-top-section elementor-element elementor-element-574d5d6 elementor-section-boxed elementor-section-height-default elementor-section-height-default\" data-id=\"574d5d6\" data-element_type=\"section\" data-e-type=\"section\">\n\t\t\t\t\t\t<div class=\"elementor-container elementor-column-gap-default\">\n\t\t\t\t\t<div class=\"elementor-column elementor-col-100 elementor-top-column elementor-element elementor-element-f87557d\" data-id=\"f87557d\" data-element_type=\"column\" data-e-type=\"column\">\n\t\t\t<div class=\"elementor-widget-wrap elementor-element-populated\">\n\t\t\t\t\t\t<div class=\"elementor-element elementor-element-ca22740 elementor-widget elementor-widget-heading\" data-id=\"ca22740\" data-element_type=\"widget\" data-e-type=\"widget\" data-widget_type=\"heading.default\">\n\t\t\t\t<div class=\"elementor-widget-container\">\n\t\t\t\t\t<span class=\"elementor-heading-title elementor-size-default\">Programe su cita gratuita hoy<\/span>\t\t\t\t<\/div>\n\t\t\t\t<\/div>\n\t\t\t\t\t<\/div>\n\t\t<\/div>\n\t\t\t\t\t<\/div>\n\t\t<\/section>\n\t\t\t\t<section class=\"elementor-section elementor-top-section elementor-element elementor-element-d9c495a elementor-section-boxed elementor-section-height-default elementor-section-height-default\" data-id=\"d9c495a\" data-element_type=\"section\" data-e-type=\"section\">\n\t\t\t\t\t\t<div class=\"elementor-container elementor-column-gap-default\">\n\t\t\t\t\t<div class=\"elementor-column elementor-col-25 elementor-top-column elementor-element elementor-element-2f81370\" data-id=\"2f81370\" data-element_type=\"column\" data-e-type=\"column\">\n\t\t\t<div class=\"elementor-widget-wrap elementor-element-populated\">\n\t\t\t\t\t\t<div class=\"elementor-element elementor-element-7d2fe24 elementor-align-center elementor-widget elementor-widget-button\" data-id=\"7d2fe24\" data-element_type=\"widget\" data-e-type=\"widget\" data-widget_type=\"button.default\">\n\t\t\t\t<div class=\"elementor-widget-container\">\n\t\t\t\t\t\t\t\t\t<div class=\"elementor-button-wrapper\">\n\t\t\t\t\t<a class=\"elementor-button elementor-button-link elementor-size-sm elementor-animation-grow\" href=\"http:\/\/anchorofhopewi.org\/es\/appointment-request\/\" target=\"_blank\" data-wpel-link=\"external\" rel=\"external noopener noreferrer\">\n\t\t\t\t\t\t<span class=\"elementor-button-content-wrapper\">\n\t\t\t\t\t\t<span class=\"elementor-button-icon\">\n\t\t\t\t<i aria-hidden=\"true\" class=\"far fa-calendar-alt\"><\/i>\t\t\t<\/span>\n\t\t\t\t\t\t\t\t\t<span class=\"elementor-button-text\">CRONOGRAMA<\/span>\n\t\t\t\t\t<\/span>\n\t\t\t\t\t<\/a>\n\t\t\t\t<\/div>\n\t\t\t\t\t\t\t\t<\/div>\n\t\t\t\t<\/div>\n\t\t\t\t\t<\/div>\n\t\t<\/div>\n\t\t\t\t<div class=\"elementor-column elementor-col-25 elementor-top-column elementor-element elementor-element-b22f35b\" data-id=\"b22f35b\" data-element_type=\"column\" data-e-type=\"column\">\n\t\t\t<div class=\"elementor-widget-wrap elementor-element-populated\">\n\t\t\t\t\t\t<div class=\"elementor-element elementor-element-2c942c38 elementor-align-left elementor-mobile-align-center elementor-widget elementor-widget-button\" data-id=\"2c942c38\" data-element_type=\"widget\" data-e-type=\"widget\" data-widget_type=\"button.default\">\n\t\t\t\t<div class=\"elementor-widget-container\">\n\t\t\t\t\t\t\t\t\t<div class=\"elementor-button-wrapper\">\n\t\t\t\t\t<a class=\"elementor-button elementor-button-link elementor-size-sm elementor-animation-grow\" href=\"tel:9204001153\" target=\"_blank\" data-wpel-link=\"internal\">\n\t\t\t\t\t\t<span class=\"elementor-button-content-wrapper\">\n\t\t\t\t\t\t<span class=\"elementor-button-icon\">\n\t\t\t\t<i aria-hidden=\"true\" class=\"fas fa-phone-alt\"><\/i>\t\t\t<\/span>\n\t\t\t\t\t\t\t\t\t<span class=\"elementor-button-text\">LLAMAR<\/span>\n\t\t\t\t\t<\/span>\n\t\t\t\t\t<\/a>\n\t\t\t\t<\/div>\n\t\t\t\t\t\t\t\t<\/div>\n\t\t\t\t<\/div>\n\t\t\t\t\t<\/div>\n\t\t<\/div>\n\t\t\t\t<div class=\"elementor-column elementor-col-25 elementor-top-column elementor-element elementor-element-4a0ea32\" data-id=\"4a0ea32\" data-element_type=\"column\" data-e-type=\"column\">\n\t\t\t<div class=\"elementor-widget-wrap\">\n\t\t\t\t\t\t\t<\/div>\n\t\t<\/div>\n\t\t\t\t<div class=\"elementor-column elementor-col-25 elementor-top-column elementor-element elementor-element-81cb46b\" data-id=\"81cb46b\" data-element_type=\"column\" data-e-type=\"column\">\n\t\t\t<div class=\"elementor-widget-wrap\">\n\t\t\t\t\t\t\t<\/div>\n\t\t<\/div>\n\t\t\t\t\t<\/div>\n\t\t<\/section>\n\t\t\t\t<\/div>","protected":false},"excerpt":{"rendered":"<p>Our Plymouth medical clinic offers no-cost confidential, professional sexual healthcare services designed with you in mind.\u00a0 Available Services: Abortion Information Consultation Pregnancy Testing Ultrasound STD Testing Pregnancy Options and Information Abortion Pill Reversal All our services are provided in a safe, professional and confidential space. Anchor of Hope is staffed by licensed medical professionals who [&hellip;]<\/p>\n","protected":false},"author":18,"featured_media":0,"parent":0,"menu_order":0,"comment_status":"closed","ping_status":"closed","template":"elementor_header_footer","meta":{"_acf_changed":false,"footnotes":""},"class_list":["post-8036","page","type-page","status-publish","hentry"],"acf":[],"yoast_head":"<!-- This site is optimized with the Yoast SEO plugin v27.4 - https:\/\/yoast.com\/product\/yoast-seo-wordpress\/ -->\n<title>Plymouth Location | Anchor of Hope | Serving Sheboygan &amp; Plymouth WI<\/title>\n<meta name=\"description\" content=\"Read more about Plymouth Location on this page. Anchor of Hope offers free pregnancy services in the Sheboygan &amp; Plymouth WI area. Contact us today!\" \/>\n<meta name=\"robots\" content=\"index, follow, max-snippet:-1, max-image-preview:large, max-video-preview:-1\" \/>\n<link rel=\"canonical\" href=\"http:\/\/anchorofhopewi.clmstaging.com\/plymouth-location\/\" \/>\n<meta property=\"og:locale\" content=\"es_MX\" \/>\n<meta property=\"og:type\" content=\"article\" \/>\n<meta property=\"og:title\" content=\"Plymouth Location | Anchor of Hope | Serving Sheboygan &amp; Plymouth WI\" \/>\n<meta property=\"og:description\" content=\"Read more about Plymouth Location on this page. Anchor of Hope offers free pregnancy services in the Sheboygan &amp; Plymouth WI area. Contact us today!\" \/>\n<meta property=\"og:url\" content=\"http:\/\/anchorofhopewi.clmstaging.com\/plymouth-location\/\" \/>\n<meta property=\"og:site_name\" content=\"Anchor of Hope\" \/>\n<meta property=\"article:modified_time\" content=\"2026-01-12T17:03:34+00:00\" \/>\n<meta name=\"twitter:card\" content=\"summary_large_image\" \/>\n<meta name=\"twitter:label1\" content=\"Tiempo de lectura\" \/>\n\t<meta name=\"twitter:data1\" content=\"1 minuto\" \/>\n<!-- \/ Yoast SEO plugin. -->","yoast_head_json":{"title":"Plymouth Location | Anchor of Hope | Serving Sheboygan & Plymouth WI","description":"Read more about Plymouth Location on this page. Anchor of Hope offers free pregnancy services in the Sheboygan & Plymouth WI area. Contact us today!","robots":{"index":"index","follow":"follow","max-snippet":"max-snippet:-1","max-image-preview":"max-image-preview:large","max-video-preview":"max-video-preview:-1"},"canonical":"http:\/\/anchorofhopewi.clmstaging.com\/plymouth-location\/","og_locale":"es_MX","og_type":"article","og_title":"Plymouth Location | Anchor of Hope | Serving Sheboygan & Plymouth WI","og_description":"Read more about Plymouth Location on this page. Anchor of Hope offers free pregnancy services in the Sheboygan & Plymouth WI area. Contact us today!","og_url":"http:\/\/anchorofhopewi.clmstaging.com\/plymouth-location\/","og_site_name":"Anchor of Hope","article_modified_time":"2026-01-12T17:03:34+00:00","twitter_card":"summary_large_image","twitter_misc":{"Tiempo de lectura":"1 minuto"},"schema":{"@context":"https:\/\/schema.org","@graph":[{"@type":"WebPage","@id":"http:\/\/anchorofhopewi.clmstaging.com\/plymouth-location\/","url":"http:\/\/anchorofhopewi.clmstaging.com\/plymouth-location\/","name":"Plymouth Location | Anchor of Hope | Serving Sheboygan & Plymouth WI","isPartOf":{"@id":"http:\/\/anchorofhopewi.clmstaging.com\/#website"},"datePublished":"2025-10-13T17:51:29+00:00","dateModified":"2026-01-12T17:03:34+00:00","description":"Read more about Plymouth Location on this page. Anchor of Hope offers free pregnancy services in the Sheboygan & Plymouth WI area. Contact us today!","breadcrumb":{"@id":"http:\/\/anchorofhopewi.clmstaging.com\/plymouth-location\/#breadcrumb"},"inLanguage":"es","potentialAction":[{"@type":"ReadAction","target":["http:\/\/anchorofhopewi.clmstaging.com\/plymouth-location\/"]}]},{"@type":"BreadcrumbList","@id":"http:\/\/anchorofhopewi.clmstaging.com\/plymouth-location\/#breadcrumb","itemListElement":[{"@type":"ListItem","position":1,"name":"Home","item":"https:\/\/anchorofhopewi.org\/"},{"@type":"ListItem","position":2,"name":"Plymouth Location"}]},{"@type":"WebSite","@id":"http:\/\/anchorofhopewi.clmstaging.com\/#website","url":"http:\/\/anchorofhopewi.clmstaging.com\/","name":"Ancla de esperanza","description":"Centro de salud para mujeres Sheboygan - (920) 452-4673","publisher":{"@id":"http:\/\/anchorofhopewi.clmstaging.com\/#organization"},"potentialAction":[{"@type":"SearchAction","target":{"@type":"EntryPoint","urlTemplate":"http:\/\/anchorofhopewi.clmstaging.com\/?s={search_term_string}"},"query-input":{"@type":"PropertyValueSpecification","valueRequired":true,"valueName":"search_term_string"}}],"inLanguage":"es"},{"@type":"Organization","@id":"http:\/\/anchorofhopewi.clmstaging.com\/#organization","name":"Ancla de esperanza","url":"http:\/\/anchorofhopewi.clmstaging.com\/","logo":{"@type":"ImageObject","inLanguage":"es","@id":"http:\/\/anchorofhopewi.clmstaging.com\/#\/schema\/logo\/image\/","url":"https:\/\/anchorofhopewi.org\/wp-content\/uploads\/2021\/09\/logo-color.png","contentUrl":"https:\/\/anchorofhopewi.org\/wp-content\/uploads\/2021\/09\/logo-color.png","width":729,"height":115,"caption":"Anchor of Hope"},"image":{"@id":"http:\/\/anchorofhopewi.clmstaging.com\/#\/schema\/logo\/image\/"}}]}},"_links":{"self":[{"href":"https:\/\/anchorofhopewi.org\/es\/wp-json\/wp\/v2\/pages\/8036","targetHints":{"allow":["GET"]}}],"collection":[{"href":"https:\/\/anchorofhopewi.org\/es\/wp-json\/wp\/v2\/pages"}],"about":[{"href":"https:\/\/anchorofhopewi.org\/es\/wp-json\/wp\/v2\/types\/page"}],"author":[{"embeddable":true,"href":"https:\/\/anchorofhopewi.org\/es\/wp-json\/wp\/v2\/users\/18"}],"replies":[{"embeddable":true,"href":"https:\/\/anchorofhopewi.org\/es\/wp-json\/wp\/v2\/comments?post=8036"}],"version-history":[{"count":0,"href":"https:\/\/anchorofhopewi.org\/es\/wp-json\/wp\/v2\/pages\/8036\/revisions"}],"wp:attachment":[{"href":"https:\/\/anchorofhopewi.org\/es\/wp-json\/wp\/v2\/media?parent=8036"}],"curies":[{"name":"gracias","href":"https:\/\/api.w.org\/{rel}","templated":true}]}}