{"id":8047,"date":"2025-10-13T11:54:09","date_gmt":"2025-10-13T17:54:09","guid":{"rendered":"https:\/\/anchorofhopewi.org\/?page_id=8047"},"modified":"2025-10-13T12:46:51","modified_gmt":"2025-10-13T18:46:51","slug":"sheboygan-location","status":"publish","type":"page","link":"https:\/\/anchorofhopewi.org\/es\/sheboygan-location\/","title":{"rendered":"Ubicaci\u00f3n de Sheboygan"},"content":{"rendered":"<div data-elementor-type=\"wp-page\" data-elementor-id=\"8047\" class=\"elementor elementor-8047\" data-elementor-post-type=\"page\">\n\t\t\t\t\t\t<section class=\"elementor-section elementor-top-section elementor-element elementor-element-edc7c76 elementor-section-full_width elementor-section-height-min-height elementor-section-height-default elementor-section-items-middle\" data-id=\"edc7c76\" data-element_type=\"section\" data-e-type=\"section\" data-settings=\"{&quot;background_background&quot;:&quot;classic&quot;}\">\n\t\t\t\t\t\t<div class=\"elementor-container elementor-column-gap-default\">\n\t\t\t\t\t<div class=\"elementor-column elementor-col-100 elementor-top-column elementor-element elementor-element-4307789\" data-id=\"4307789\" data-element_type=\"column\" data-e-type=\"column\">\n\t\t\t<div class=\"elementor-widget-wrap elementor-element-populated\">\n\t\t\t\t\t\t\t<\/div>\n\t\t<\/div>\n\t\t\t\t\t<\/div>\n\t\t<\/section>\n\t\t\t\t<section class=\"elementor-section elementor-top-section elementor-element elementor-element-9a53b64 elementor-section-boxed elementor-section-height-default elementor-section-height-default\" data-id=\"9a53b64\" data-element_type=\"section\" data-e-type=\"section\">\n\t\t\t\t\t\t<div class=\"elementor-container elementor-column-gap-default\">\n\t\t\t\t\t<div class=\"elementor-column elementor-col-100 elementor-top-column elementor-element elementor-element-a02af56\" data-id=\"a02af56\" data-element_type=\"column\" data-e-type=\"column\">\n\t\t\t<div class=\"elementor-widget-wrap elementor-element-populated\">\n\t\t\t\t\t\t<div class=\"elementor-element elementor-element-5351bed elementor-widget elementor-widget-text-editor\" data-id=\"5351bed\" data-element_type=\"widget\" data-e-type=\"widget\" data-widget_type=\"text-editor.default\">\n\t\t\t\t<div class=\"elementor-widget-container\">\n\t\t\t\t\t\t\t\t\t<p><span style=\"font-weight: 400;\">Nuestra cl\u00ednica m\u00e9dica de Sheboygan ofrece servicios de atenci\u00f3n m\u00e9dica sexual profesionales, confidenciales y gratuitos, dise\u00f1ados pensando en usted.\u00a0<\/span><\/p>\t\t\t\t\t\t\t\t<\/div>\n\t\t\t\t<\/div>\n\t\t\t\t<div class=\"elementor-element elementor-element-7573b10 elementor-widget elementor-widget-heading\" data-id=\"7573b10\" data-element_type=\"widget\" data-e-type=\"widget\" data-widget_type=\"heading.default\">\n\t\t\t\t<div class=\"elementor-widget-container\">\n\t\t\t\t\t<span class=\"elementor-heading-title elementor-size-default\">Servicios disponibles: <\/span>\t\t\t\t<\/div>\n\t\t\t\t<\/div>\n\t\t\t\t<div class=\"elementor-element elementor-element-e0c13d8 elementor-widget elementor-widget-text-editor\" data-id=\"e0c13d8\" data-element_type=\"widget\" data-e-type=\"widget\" data-widget_type=\"text-editor.default\">\n\t\t\t\t<div class=\"elementor-widget-container\">\n\t\t\t\t\t\t\t\t\t<ul><li><a href=\"http:\/\/anchorofhopewi.org\/es\/abortion-information-consultation\/\" data-wpel-link=\"external\" rel=\"external noopener noreferrer\">Consulta de informaci\u00f3n sobre el aborto<\/a><\/li><li><a href=\"http:\/\/anchorofhopewi.org\/es\/medical-services\/pregnancy-testing\/\" data-wpel-link=\"external\" rel=\"external noopener noreferrer\"><span style=\"font-weight: 400;\">Prueba de embarazo<\/span><\/a><\/li><li><a href=\"http:\/\/anchorofhopewi.org\/es\/ultrasound\/\" data-wpel-link=\"external\" rel=\"external noopener noreferrer\"><span style=\"font-weight: 400;\">Ultrasonido<\/span><\/a><\/li><li><a href=\"http:\/\/anchorofhopewi.org\/es\/sti-std-testing-and-treatment\/\" data-wpel-link=\"external\" rel=\"external noopener noreferrer\"><span style=\"font-weight: 400;\">Pruebas de ETS<\/span><\/a><\/li><li><a href=\"http:\/\/anchorofhopewi.org\/es\/well-woman-care\/\" data-wpel-link=\"external\" rel=\"external noopener noreferrer\">Cuidado de la mujer sana<\/a><\/li><li><a href=\"http:\/\/anchorofhopewi.org\/es\/pregnancy-options\/\" data-wpel-link=\"external\" rel=\"external noopener noreferrer\"><span style=\"font-weight: 400;\">Opciones e informaci\u00f3n sobre el embarazo<\/span><\/a><\/li><li><a href=\"http:\/\/anchorofhopewi.org\/es\/abortion-pill-reversal\/\" data-wpel-link=\"external\" rel=\"external noopener noreferrer\"><span style=\"font-weight: 400;\">Reversi\u00f3n de la p\u00edldora abortiva<\/span><\/a><\/li><\/ul><p><span style=\"font-weight: 400;\"><br \/>Todos nuestros servicios se ofrecen en un espacio seguro, profesional y confidencial. Anchor of Hope cuenta con profesionales m\u00e9dicos colegiados que ofrecen un enfoque hol\u00edstico a la salud sexual.\u00a0<\/span><\/p>\t\t\t\t\t\t\t\t<\/div>\n\t\t\t\t<\/div>\n\t\t\t\t\t<\/div>\n\t\t<\/div>\n\t\t\t\t\t<\/div>\n\t\t<\/section>\n\t\t\t\t<section class=\"elementor-section elementor-top-section elementor-element elementor-element-8b2e524 elementor-section-boxed elementor-section-height-default elementor-section-height-default\" data-id=\"8b2e524\" data-element_type=\"section\" data-e-type=\"section\">\n\t\t\t\t\t\t<div class=\"elementor-container elementor-column-gap-default\">\n\t\t\t\t\t<div class=\"elementor-column elementor-col-50 elementor-top-column elementor-element elementor-element-6f6fdb5\" data-id=\"6f6fdb5\" data-element_type=\"column\" data-e-type=\"column\">\n\t\t\t<div class=\"elementor-widget-wrap elementor-element-populated\">\n\t\t\t\t\t\t<div class=\"elementor-element elementor-element-c72b1a4 elementor-widget elementor-widget-heading\" data-id=\"c72b1a4\" data-element_type=\"widget\" data-e-type=\"widget\" data-widget_type=\"heading.default\">\n\t\t\t\t<div class=\"elementor-widget-container\">\n\t\t\t\t\t<h2 class=\"elementor-heading-title elementor-size-default\">Ubicaci\u00f3n y horario<\/h2>\t\t\t\t<\/div>\n\t\t\t\t<\/div>\n\t\t\t\t<div class=\"elementor-element elementor-element-09aae74 elementor-widget elementor-widget-text-editor\" data-id=\"09aae74\" data-element_type=\"widget\" data-e-type=\"widget\" data-widget_type=\"text-editor.default\">\n\t\t\t\t<div class=\"elementor-widget-container\">\n\t\t\t\t\t\t\t\t\t<p>1018 S. Taylor Drive, Sheboygan, WI 53081<\/p><ul><li><strong>Lunes<\/strong>: 8:30 a. m. a 5:00 p. m.<\/li><li><strong>Martes<\/strong>: 9:00 a. m. a 3:00 p. m.<\/li><li><strong>Mi\u00e9rcoles<\/strong>: 8:30 a. m. a 6:00 p. m.<\/li><li><strong>Jueves<\/strong>: 8:30 a. m. a 5:00 p. m.<\/li><li><strong>Viernes<\/strong>: 9:00 a. m. a 3:00 p. m.<\/li><li><strong>S\u00e1bado y domingo<\/strong>: Cerrado<\/li><\/ul><p>Citas a menudo disponibles el mismo d\u00eda.\u00a0<span style=\"font-weight: 400;\">Se aceptan visitas sin cita previa seg\u00fan lo permita la disponibilidad, pero se recomienda concertar una cita.<\/span><\/p><p><span style=\"font-weight: 400;\">\u00a0<\/span><\/p>\t\t\t\t\t\t\t\t<\/div>\n\t\t\t\t<\/div>\n\t\t\t\t\t<\/div>\n\t\t<\/div>\n\t\t\t\t<div class=\"elementor-column elementor-col-50 elementor-top-column elementor-element elementor-element-558b4d4\" data-id=\"558b4d4\" data-element_type=\"column\" data-e-type=\"column\">\n\t\t\t<div class=\"elementor-widget-wrap elementor-element-populated\">\n\t\t\t\t\t\t<div class=\"elementor-element elementor-element-e5d2089 elementor-widget elementor-widget-google_maps\" data-id=\"e5d2089\" data-element_type=\"widget\" data-e-type=\"widget\" data-widget_type=\"google_maps.default\">\n\t\t\t\t<div class=\"elementor-widget-container\">\n\t\t\t\t\t\t\t<div class=\"elementor-custom-embed\">\n\t\t\t<iframe loading=\"lazy\"\n\t\t\t\t\tsrc=\"https:\/\/maps.google.com\/maps?q=1018%20S.%20Taylor%20Drive%2C%20Sheboygan%20WI%2053081&#038;t=m&#038;z=14&#038;output=embed&#038;iwloc=near\"\n\t\t\t\t\ttitle=\"1018 S. Taylor Drive, Sheboygan, WI 53081\"\n\t\t\t\t\taria-label=\"1018 S. Taylor Drive, Sheboygan, WI 53081\"\n\t\t\t><\/iframe>\n\t\t<\/div>\n\t\t\t\t\t\t<\/div>\n\t\t\t\t<\/div>\n\t\t\t\t\t<\/div>\n\t\t<\/div>\n\t\t\t\t\t<\/div>\n\t\t<\/section>\n\t\t\t\t<section class=\"elementor-section elementor-top-section elementor-element elementor-element-a2793a7 elementor-section-boxed elementor-section-height-default elementor-section-height-default\" data-id=\"a2793a7\" data-element_type=\"section\" data-e-type=\"section\">\n\t\t\t\t\t\t<div class=\"elementor-container elementor-column-gap-default\">\n\t\t\t\t\t<div class=\"elementor-column elementor-col-100 elementor-top-column elementor-element elementor-element-7e61bee\" data-id=\"7e61bee\" data-element_type=\"column\" data-e-type=\"column\">\n\t\t\t<div class=\"elementor-widget-wrap elementor-element-populated\">\n\t\t\t\t\t\t<div class=\"elementor-element elementor-element-f858046 elementor-widget elementor-widget-heading\" data-id=\"f858046\" data-element_type=\"widget\" data-e-type=\"widget\" data-widget_type=\"heading.default\">\n\t\t\t\t<div class=\"elementor-widget-container\">\n\t\t\t\t\t<span class=\"elementor-heading-title elementor-size-default\">Programe su cita gratuita hoy<\/span>\t\t\t\t<\/div>\n\t\t\t\t<\/div>\n\t\t\t\t\t<\/div>\n\t\t<\/div>\n\t\t\t\t\t<\/div>\n\t\t<\/section>\n\t\t\t\t<section class=\"elementor-section elementor-top-section elementor-element elementor-element-c424695 elementor-section-boxed elementor-section-height-default elementor-section-height-default\" data-id=\"c424695\" data-element_type=\"section\" data-e-type=\"section\">\n\t\t\t\t\t\t<div class=\"elementor-container elementor-column-gap-default\">\n\t\t\t\t\t<div class=\"elementor-column elementor-col-25 elementor-top-column elementor-element elementor-element-772ab47\" data-id=\"772ab47\" data-element_type=\"column\" data-e-type=\"column\">\n\t\t\t<div class=\"elementor-widget-wrap elementor-element-populated\">\n\t\t\t\t\t\t<div class=\"elementor-element elementor-element-4165d1e elementor-align-center elementor-widget elementor-widget-button\" data-id=\"4165d1e\" data-element_type=\"widget\" data-e-type=\"widget\" data-widget_type=\"button.default\">\n\t\t\t\t<div class=\"elementor-widget-container\">\n\t\t\t\t\t\t\t\t\t<div class=\"elementor-button-wrapper\">\n\t\t\t\t\t<a class=\"elementor-button elementor-button-link elementor-size-sm elementor-animation-grow\" href=\"http:\/\/anchorofhopewi.org\/es\/appointment-request\/\" target=\"_blank\" data-wpel-link=\"external\" rel=\"external noopener noreferrer\">\n\t\t\t\t\t\t<span class=\"elementor-button-content-wrapper\">\n\t\t\t\t\t\t<span class=\"elementor-button-icon\">\n\t\t\t\t<i aria-hidden=\"true\" class=\"far fa-calendar-alt\"><\/i>\t\t\t<\/span>\n\t\t\t\t\t\t\t\t\t<span class=\"elementor-button-text\">CRONOGRAMA<\/span>\n\t\t\t\t\t<\/span>\n\t\t\t\t\t<\/a>\n\t\t\t\t<\/div>\n\t\t\t\t\t\t\t\t<\/div>\n\t\t\t\t<\/div>\n\t\t\t\t\t<\/div>\n\t\t<\/div>\n\t\t\t\t<div class=\"elementor-column elementor-col-25 elementor-top-column elementor-element elementor-element-c9daedf\" data-id=\"c9daedf\" data-element_type=\"column\" data-e-type=\"column\">\n\t\t\t<div class=\"elementor-widget-wrap elementor-element-populated\">\n\t\t\t\t\t\t<div class=\"elementor-element elementor-element-a8f77e4 elementor-align-left elementor-mobile-align-center elementor-widget elementor-widget-button\" data-id=\"a8f77e4\" data-element_type=\"widget\" data-e-type=\"widget\" data-widget_type=\"button.default\">\n\t\t\t\t<div class=\"elementor-widget-container\">\n\t\t\t\t\t\t\t\t\t<div class=\"elementor-button-wrapper\">\n\t\t\t\t\t<a class=\"elementor-button elementor-button-link elementor-size-sm elementor-animation-grow\" href=\"tel:9204524673\" target=\"_blank\" data-wpel-link=\"internal\">\n\t\t\t\t\t\t<span class=\"elementor-button-content-wrapper\">\n\t\t\t\t\t\t<span class=\"elementor-button-icon\">\n\t\t\t\t<i aria-hidden=\"true\" class=\"fas fa-phone-alt\"><\/i>\t\t\t<\/span>\n\t\t\t\t\t\t\t\t\t<span class=\"elementor-button-text\">LLAMAR<\/span>\n\t\t\t\t\t<\/span>\n\t\t\t\t\t<\/a>\n\t\t\t\t<\/div>\n\t\t\t\t\t\t\t\t<\/div>\n\t\t\t\t<\/div>\n\t\t\t\t\t<\/div>\n\t\t<\/div>\n\t\t\t\t<div class=\"elementor-column elementor-col-25 elementor-top-column elementor-element elementor-element-daa5197\" data-id=\"daa5197\" data-element_type=\"column\" data-e-type=\"column\">\n\t\t\t<div class=\"elementor-widget-wrap\">\n\t\t\t\t\t\t\t<\/div>\n\t\t<\/div>\n\t\t\t\t<div class=\"elementor-column elementor-col-25 elementor-top-column elementor-element elementor-element-d0b50b4\" data-id=\"d0b50b4\" data-element_type=\"column\" data-e-type=\"column\">\n\t\t\t<div class=\"elementor-widget-wrap\">\n\t\t\t\t\t\t\t<\/div>\n\t\t<\/div>\n\t\t\t\t\t<\/div>\n\t\t<\/section>\n\t\t\t\t<\/div>","protected":false},"excerpt":{"rendered":"<p>Our Sheboygan medical clinic offers no-cost confidential, professional sexual healthcare services designed with you in mind.\u00a0 Available Services: Abortion Information Consultation Pregnancy Testing Ultrasound STD Testing Well Woman Care Pregnancy Options and Information Abortion Pill Reversal All our services are provided in a safe, professional and confidential space. Anchor of Hope is staffed by licensed [&hellip;]<\/p>\n","protected":false},"author":18,"featured_media":0,"parent":0,"menu_order":0,"comment_status":"closed","ping_status":"closed","template":"elementor_header_footer","meta":{"_acf_changed":false,"footnotes":""},"class_list":["post-8047","page","type-page","status-publish","hentry"],"acf":[],"yoast_head":"<!-- This site is optimized with the Yoast SEO plugin v27.4 - https:\/\/yoast.com\/product\/yoast-seo-wordpress\/ -->\n<title>Sheboygan Location | Anchor of Hope | Serving Sheboygan &amp; Plymouth WI<\/title>\n<meta name=\"description\" content=\"Read more about Sheboygan Location on this page. Anchor of Hope offers free pregnancy services in the Sheboygan &amp; Plymouth WI area. Contact us today!\" \/>\n<meta name=\"robots\" content=\"index, follow, max-snippet:-1, max-image-preview:large, max-video-preview:-1\" \/>\n<link rel=\"canonical\" href=\"http:\/\/anchorofhopewi.clmstaging.com\/sheboygan-location\/\" \/>\n<meta property=\"og:locale\" content=\"es_MX\" \/>\n<meta property=\"og:type\" content=\"article\" \/>\n<meta property=\"og:title\" content=\"Sheboygan Location | Anchor of Hope | Serving Sheboygan &amp; Plymouth WI\" \/>\n<meta property=\"og:description\" content=\"Read more about Sheboygan Location on this page. Anchor of Hope offers free pregnancy services in the Sheboygan &amp; Plymouth WI area. Contact us today!\" \/>\n<meta property=\"og:url\" content=\"http:\/\/anchorofhopewi.clmstaging.com\/sheboygan-location\/\" \/>\n<meta property=\"og:site_name\" content=\"Anchor of Hope\" \/>\n<meta property=\"article:modified_time\" content=\"2025-10-13T18:46:51+00:00\" \/>\n<meta name=\"twitter:card\" content=\"summary_large_image\" \/>\n<meta name=\"twitter:label1\" content=\"Tiempo de lectura\" \/>\n\t<meta name=\"twitter:data1\" content=\"1 minuto\" \/>\n<!-- \/ Yoast SEO plugin. -->","yoast_head_json":{"title":"Sheboygan Location | Anchor of Hope | Serving Sheboygan & Plymouth WI","description":"Read more about Sheboygan Location on this page. Anchor of Hope offers free pregnancy services in the Sheboygan & Plymouth WI area. Contact us today!","robots":{"index":"index","follow":"follow","max-snippet":"max-snippet:-1","max-image-preview":"max-image-preview:large","max-video-preview":"max-video-preview:-1"},"canonical":"http:\/\/anchorofhopewi.clmstaging.com\/sheboygan-location\/","og_locale":"es_MX","og_type":"article","og_title":"Sheboygan Location | Anchor of Hope | Serving Sheboygan & Plymouth WI","og_description":"Read more about Sheboygan Location on this page. Anchor of Hope offers free pregnancy services in the Sheboygan & Plymouth WI area. Contact us today!","og_url":"http:\/\/anchorofhopewi.clmstaging.com\/sheboygan-location\/","og_site_name":"Anchor of Hope","article_modified_time":"2025-10-13T18:46:51+00:00","twitter_card":"summary_large_image","twitter_misc":{"Tiempo de lectura":"1 minuto"},"schema":{"@context":"https:\/\/schema.org","@graph":[{"@type":"WebPage","@id":"http:\/\/anchorofhopewi.clmstaging.com\/sheboygan-location\/","url":"http:\/\/anchorofhopewi.clmstaging.com\/sheboygan-location\/","name":"Sheboygan Location | Anchor of Hope | Serving Sheboygan & Plymouth WI","isPartOf":{"@id":"http:\/\/anchorofhopewi.clmstaging.com\/#website"},"datePublished":"2025-10-13T17:54:09+00:00","dateModified":"2025-10-13T18:46:51+00:00","description":"Read more about Sheboygan Location on this page. Anchor of Hope offers free pregnancy services in the Sheboygan & Plymouth WI area. Contact us today!","breadcrumb":{"@id":"http:\/\/anchorofhopewi.clmstaging.com\/sheboygan-location\/#breadcrumb"},"inLanguage":"es","potentialAction":[{"@type":"ReadAction","target":["http:\/\/anchorofhopewi.clmstaging.com\/sheboygan-location\/"]}]},{"@type":"BreadcrumbList","@id":"http:\/\/anchorofhopewi.clmstaging.com\/sheboygan-location\/#breadcrumb","itemListElement":[{"@type":"ListItem","position":1,"name":"Home","item":"https:\/\/anchorofhopewi.org\/"},{"@type":"ListItem","position":2,"name":"Sheboygan Location"}]},{"@type":"WebSite","@id":"http:\/\/anchorofhopewi.clmstaging.com\/#website","url":"http:\/\/anchorofhopewi.clmstaging.com\/","name":"Ancla de esperanza","description":"Centro de salud para mujeres Sheboygan - (920) 452-4673","publisher":{"@id":"http:\/\/anchorofhopewi.clmstaging.com\/#organization"},"potentialAction":[{"@type":"SearchAction","target":{"@type":"EntryPoint","urlTemplate":"http:\/\/anchorofhopewi.clmstaging.com\/?s={search_term_string}"},"query-input":{"@type":"PropertyValueSpecification","valueRequired":true,"valueName":"search_term_string"}}],"inLanguage":"es"},{"@type":"Organization","@id":"http:\/\/anchorofhopewi.clmstaging.com\/#organization","name":"Ancla de esperanza","url":"http:\/\/anchorofhopewi.clmstaging.com\/","logo":{"@type":"ImageObject","inLanguage":"es","@id":"http:\/\/anchorofhopewi.clmstaging.com\/#\/schema\/logo\/image\/","url":"https:\/\/anchorofhopewi.org\/wp-content\/uploads\/2021\/09\/logo-color.png","contentUrl":"https:\/\/anchorofhopewi.org\/wp-content\/uploads\/2021\/09\/logo-color.png","width":729,"height":115,"caption":"Anchor of Hope"},"image":{"@id":"http:\/\/anchorofhopewi.clmstaging.com\/#\/schema\/logo\/image\/"}}]}},"_links":{"self":[{"href":"https:\/\/anchorofhopewi.org\/es\/wp-json\/wp\/v2\/pages\/8047","targetHints":{"allow":["GET"]}}],"collection":[{"href":"https:\/\/anchorofhopewi.org\/es\/wp-json\/wp\/v2\/pages"}],"about":[{"href":"https:\/\/anchorofhopewi.org\/es\/wp-json\/wp\/v2\/types\/page"}],"author":[{"embeddable":true,"href":"https:\/\/anchorofhopewi.org\/es\/wp-json\/wp\/v2\/users\/18"}],"replies":[{"embeddable":true,"href":"https:\/\/anchorofhopewi.org\/es\/wp-json\/wp\/v2\/comments?post=8047"}],"version-history":[{"count":0,"href":"https:\/\/anchorofhopewi.org\/es\/wp-json\/wp\/v2\/pages\/8047\/revisions"}],"wp:attachment":[{"href":"https:\/\/anchorofhopewi.org\/es\/wp-json\/wp\/v2\/media?parent=8047"}],"curies":[{"name":"gracias","href":"https:\/\/api.w.org\/{rel}","templated":true}]}}